{"id":4618,"date":"2023-06-19T11:44:21","date_gmt":"2023-06-19T10:44:21","guid":{"rendered":"https:\/\/www.rensep.org\/?page_id=4618"},"modified":"2024-10-21T15:29:25","modified_gmt":"2024-10-21T14:29:25","slug":"collaborations-avec-des-organisations-et-institutions","status":"publish","type":"page","link":"https:\/\/www.rensep.org\/fr\/a-propos-de\/collaborations-avec-des-organisations-et-institutions\/","title":{"rendered":"Collaborations avec des organisations et institutions"},"content":{"rendered":"<p>[vc_row][vc_column][vc_column_text]Le <a href=\"https:\/\/www.rensep.org\/\">Research Network for the Study of Esoteric Practices (RENSEP)<\/a> collabore \u00e9troitement avec des universit\u00e9s et organisations qui partagent des objectifs de recherche similaires. L&#8217;\u00e9tude interdisciplinaire des pratiques \u00e9sot\u00e9riques requiert la collaboration avec diff\u00e9rentes institutions et avec des experts provenant de diff\u00e9rentes disciplines. Nous sommes reconnaissants des partenariats que nous avons d\u00e9j\u00e0 \u00e9tablis et avons h\u00e2te d&#8217;\u00e9tendre notre r\u00e9seau de collaborateurs.<\/p>\n<p>&nbsp;<\/p>\n<p><a href=\"https:\/\/noetic.org\/\" target=\"_blank\" rel=\"noopener\"><img loading=\"lazy\" decoding=\"async\" class=\"size-full wp-image-4602 aligncenter\" src=\"https:\/\/www.rensep.org\/wp-content\/uploads\/2023\/06\/IONS.png\" alt=\"\" width=\"342\" height=\"147\" \/><\/a><\/p>\n<p>&nbsp;<\/p>\n<p><a href=\"https:\/\/www.aup.ac.uk\/\" target=\"_blank\" rel=\"noopener\"><img loading=\"lazy\" decoding=\"async\" class=\"size-full wp-image-4604 aligncenter\" src=\"https:\/\/www.rensep.org\/wp-content\/uploads\/2023\/06\/Arts-UP.png\" alt=\"\" width=\"300\" height=\"103\" \/><\/a><\/p>\n<p>&nbsp;<\/p>\n<p><a href=\"https:\/\/cas-e.de\/\" target=\"_blank\" rel=\"noopener\"><img loading=\"lazy\" decoding=\"async\" class=\"wp-image-4608 aligncenter\" src=\"https:\/\/www.rensep.org\/wp-content\/uploads\/2023\/06\/logo-CAS-E-300-dpi-900x267.png\" alt=\"\" width=\"401\" height=\"119\" srcset=\"https:\/\/www.rensep.org\/wp-content\/uploads\/2023\/06\/logo-CAS-E-300-dpi-900x267.png 900w, https:\/\/www.rensep.org\/wp-content\/uploads\/2023\/06\/logo-CAS-E-300-dpi-768x228.png 768w, https:\/\/www.rensep.org\/wp-content\/uploads\/2023\/06\/logo-CAS-E-300-dpi-624x185.png 624w, https:\/\/www.rensep.org\/wp-content\/uploads\/2023\/06\/logo-CAS-E-300-dpi.png 1092w\" sizes=\"(max-width: 401px) 100vw, 401px\" \/><\/a><\/p>\n<p>&nbsp;<\/p>\n<p><a href=\"https:\/\/www.esswe.org\/\" target=\"_blank\" rel=\"noopener\"><img loading=\"lazy\" decoding=\"async\" class=\"wp-image-4610 aligncenter\" src=\"https:\/\/www.rensep.org\/wp-content\/uploads\/2023\/06\/ESSWE.png\" alt=\"\" width=\"327\" height=\"143\" srcset=\"https:\/\/www.rensep.org\/wp-content\/uploads\/2023\/06\/ESSWE.png 672w, https:\/\/www.rensep.org\/wp-content\/uploads\/2023\/06\/ESSWE-624x273.png 624w\" sizes=\"(max-width: 327px) 100vw, 327px\" \/><\/a><\/p>\n<p>&nbsp;<\/p>\n<p><a href=\"https:\/\/www.amsterdamhermetica.nl\/\" target=\"_blank\" rel=\"noopener\"><img loading=\"lazy\" decoding=\"async\" class=\"wp-image-4612 aligncenter\" src=\"https:\/\/www.rensep.org\/wp-content\/uploads\/2023\/06\/HHP.png\" alt=\"\" width=\"464\" height=\"58\" srcset=\"https:\/\/www.rensep.org\/wp-content\/uploads\/2023\/06\/HHP.png 640w, https:\/\/www.rensep.org\/wp-content\/uploads\/2023\/06\/HHP-624x78.png 624w\" sizes=\"(max-width: 464px) 100vw, 464px\" \/><\/a><\/p>\n<p>&nbsp;<\/p>\n<p><a href=\"https:\/\/impossiblearchives.rice.edu\/\" target=\"_blank\" rel=\"noopener\"><img loading=\"lazy\" decoding=\"async\" class=\"wp-image-4623 aligncenter\" src=\"https:\/\/www.rensep.org\/wp-content\/uploads\/2023\/06\/Archives-of-the-impossible-900x205.jpg\" alt=\"\" width=\"461\" height=\"105\" srcset=\"https:\/\/www.rensep.org\/wp-content\/uploads\/2023\/06\/Archives-of-the-impossible-900x205.jpg 900w, https:\/\/www.rensep.org\/wp-content\/uploads\/2023\/06\/Archives-of-the-impossible-1280x291.jpg 1280w, https:\/\/www.rensep.org\/wp-content\/uploads\/2023\/06\/Archives-of-the-impossible-768x175.jpg 768w, https:\/\/www.rensep.org\/wp-content\/uploads\/2023\/06\/Archives-of-the-impossible-1536x350.jpg 1536w, https:\/\/www.rensep.org\/wp-content\/uploads\/2023\/06\/Archives-of-the-impossible-624x142.jpg 624w, https:\/\/www.rensep.org\/wp-content\/uploads\/2023\/06\/Archives-of-the-impossible.jpg 1735w\" sizes=\"(max-width: 461px) 100vw, 461px\" \/><\/a><\/p>\n<p>&nbsp;<\/p>\n<p><a href=\"https:\/\/trans-states.org\" target=\"_blank\" rel=\"noopener\"><img loading=\"lazy\" decoding=\"async\" class=\"alignnone size-full wp-image-5496 aligncenter\" src=\"https:\/\/www.rensep.org\/wp-content\/uploads\/2023\/11\/Square-Logo.png\" alt=\"\" width=\"202\" height=\"206\" \/><\/a><\/p>\n<p>&nbsp;<\/p>\n<p><a href=\"https:\/\/sites.exeter.ac.uk\/magic\/\" target=\"_blank\" rel=\"noopener\"><img loading=\"lazy\" decoding=\"async\" class=\"size-full wp-image-5715 aligncenter\" src=\"https:\/\/www.rensep.org\/wp-content\/uploads\/2023\/11\/logo.png\" alt=\"\" width=\"500\" height=\"183\" \/><\/a><\/p>\n<p>&nbsp;<\/p>\n<p><a href=\"https:\/\/shwep.net\/\" target=\"_blank\" rel=\"noopener\"><img loading=\"lazy\" decoding=\"async\" class=\"size-full wp-image-9772 aligncenter\" src=\"https:\/\/www.rensep.org\/wp-content\/uploads\/2024\/07\/shwep.jpg\" alt=\"\" width=\"300\" height=\"300\" \/><\/a><\/p>\n<p><a href=\"https:\/\/www.rejectedreligion.com\/\" target=\"_blank\" rel=\"attachment noopener wp-att-10045\"><img loading=\"lazy\" decoding=\"async\" class=\"wp-image-10045 aligncenter\" src=\"https:\/\/www.rensep.org\/wp-content\/uploads\/2024\/10\/Rejected-Religion-900x878.png\" alt=\"\" width=\"243\" height=\"243\" \/><\/a>[\/vc_column_text][\/vc_column][\/vc_row]<\/p>\n","protected":false},"excerpt":{"rendered":"<p>[vc_row][vc_column][vc_column_text]Le Research Network for the Study of Esoteric Practices (RENSEP) collabore \u00e9troitement avec des universit\u00e9s et organisations qui partagent des objectifs de recherche similaires. L&#8217;\u00e9tude&hellip;<\/p>\n","protected":false},"author":6,"featured_media":0,"parent":3557,"menu_order":0,"comment_status":"closed","ping_status":"closed","template":"","meta":{"pmpro_default_level":0,"footnotes":"","hide_for_non_member":false},"yoast_head":"<!-- This site is optimized with the Yoast SEO plugin v22.1 - https:\/\/yoast.com\/wordpress\/plugins\/seo\/ -->\n<title>Collaborations avec des organisations et institutions - Research Network for the Study of Esoteric Practices<\/title>\n<meta name=\"robots\" content=\"index, follow, max-snippet:-1, max-image-preview:large, max-video-preview:-1\" \/>\n<link rel=\"canonical\" href=\"https:\/\/www.rensep.org\/fr\/a-propos-de\/collaborations-avec-des-organisations-et-institutions\/\" \/>\n<meta property=\"og:locale\" content=\"fr_FR\" \/>\n<meta property=\"og:type\" content=\"article\" \/>\n<meta property=\"og:title\" content=\"Collaborations avec des organisations et institutions - Research Network for the Study of Esoteric Practices\" \/>\n<meta property=\"og:description\" content=\"[vc_row][vc_column][vc_column_text]Le Research Network for the Study of Esoteric Practices (RENSEP) collabore \u00e9troitement avec des universit\u00e9s et organisations qui partagent des objectifs de recherche similaires. L&#8217;\u00e9tude&hellip;\" \/>\n<meta property=\"og:url\" content=\"https:\/\/www.rensep.org\/fr\/a-propos-de\/collaborations-avec-des-organisations-et-institutions\/\" \/>\n<meta property=\"og:site_name\" content=\"Research Network for the Study of Esoteric Practices\" \/>\n<meta property=\"article:modified_time\" content=\"2024-10-21T14:29:25+00:00\" \/>\n<meta property=\"og:image\" content=\"https:\/\/www.rensep.org\/wp-content\/uploads\/2023\/06\/IONS.png\" \/>\n<meta name=\"twitter:card\" content=\"summary_large_image\" \/>\n<meta name=\"twitter:label1\" content=\"Dur\u00e9e de lecture estim\u00e9e\" \/>\n\t<meta name=\"twitter:data1\" content=\"3 minutes\" \/>\n<script type=\"application\/ld+json\" class=\"yoast-schema-graph\">{\"@context\":\"https:\/\/schema.org\",\"@graph\":[{\"@type\":\"WebPage\",\"@id\":\"https:\/\/www.rensep.org\/fr\/a-propos-de\/collaborations-avec-des-organisations-et-institutions\/\",\"url\":\"https:\/\/www.rensep.org\/fr\/a-propos-de\/collaborations-avec-des-organisations-et-institutions\/\",\"name\":\"Collaborations avec des organisations et institutions - Research Network for the Study of Esoteric Practices\",\"isPartOf\":{\"@id\":\"https:\/\/www.rensep.org\/fr\/#website\"},\"datePublished\":\"2023-06-19T10:44:21+00:00\",\"dateModified\":\"2024-10-21T14:29:25+00:00\",\"breadcrumb\":{\"@id\":\"https:\/\/www.rensep.org\/fr\/a-propos-de\/collaborations-avec-des-organisations-et-institutions\/#breadcrumb\"},\"inLanguage\":\"fr-FR\",\"potentialAction\":[{\"@type\":\"ReadAction\",\"target\":[\"https:\/\/www.rensep.org\/fr\/a-propos-de\/collaborations-avec-des-organisations-et-institutions\/\"]}]},{\"@type\":\"BreadcrumbList\",\"@id\":\"https:\/\/www.rensep.org\/fr\/a-propos-de\/collaborations-avec-des-organisations-et-institutions\/#breadcrumb\",\"itemListElement\":[{\"@type\":\"ListItem\",\"position\":1,\"name\":\"Home\",\"item\":\"https:\/\/www.rensep.org\/fr\/\"},{\"@type\":\"ListItem\",\"position\":2,\"name\":\"\u00c0 propos de\",\"item\":\"https:\/\/www.rensep.org\/fr\/a-propos-de\/\"},{\"@type\":\"ListItem\",\"position\":3,\"name\":\"Collaborations avec des organisations et institutions\"}]},{\"@type\":\"WebSite\",\"@id\":\"https:\/\/www.rensep.org\/fr\/#website\",\"url\":\"https:\/\/www.rensep.org\/fr\/\",\"name\":\"Research Network for the Study of Esoteric Practices\",\"description\":\"\",\"potentialAction\":[{\"@type\":\"SearchAction\",\"target\":{\"@type\":\"EntryPoint\",\"urlTemplate\":\"https:\/\/www.rensep.org\/fr\/?s={search_term_string}\"},\"query-input\":\"required name=search_term_string\"}],\"inLanguage\":\"fr-FR\"}]}<\/script>\n<!-- \/ Yoast SEO plugin. -->","yoast_head_json":{"title":"Collaborations avec des organisations et institutions - Research Network for the Study of Esoteric Practices","robots":{"index":"index","follow":"follow","max-snippet":"max-snippet:-1","max-image-preview":"max-image-preview:large","max-video-preview":"max-video-preview:-1"},"canonical":"https:\/\/www.rensep.org\/fr\/a-propos-de\/collaborations-avec-des-organisations-et-institutions\/","og_locale":"fr_FR","og_type":"article","og_title":"Collaborations avec des organisations et institutions - Research Network for the Study of Esoteric Practices","og_description":"[vc_row][vc_column][vc_column_text]Le Research Network for the Study of Esoteric Practices (RENSEP) collabore \u00e9troitement avec des universit\u00e9s et organisations qui partagent des objectifs de recherche similaires. L&#8217;\u00e9tude&hellip;","og_url":"https:\/\/www.rensep.org\/fr\/a-propos-de\/collaborations-avec-des-organisations-et-institutions\/","og_site_name":"Research Network for the Study of Esoteric Practices","article_modified_time":"2024-10-21T14:29:25+00:00","og_image":[{"url":"https:\/\/www.rensep.org\/wp-content\/uploads\/2023\/06\/IONS.png"}],"twitter_card":"summary_large_image","twitter_misc":{"Dur\u00e9e de lecture estim\u00e9e":"3 minutes"},"schema":{"@context":"https:\/\/schema.org","@graph":[{"@type":"WebPage","@id":"https:\/\/www.rensep.org\/fr\/a-propos-de\/collaborations-avec-des-organisations-et-institutions\/","url":"https:\/\/www.rensep.org\/fr\/a-propos-de\/collaborations-avec-des-organisations-et-institutions\/","name":"Collaborations avec des organisations et institutions - Research Network for the Study of Esoteric Practices","isPartOf":{"@id":"https:\/\/www.rensep.org\/fr\/#website"},"datePublished":"2023-06-19T10:44:21+00:00","dateModified":"2024-10-21T14:29:25+00:00","breadcrumb":{"@id":"https:\/\/www.rensep.org\/fr\/a-propos-de\/collaborations-avec-des-organisations-et-institutions\/#breadcrumb"},"inLanguage":"fr-FR","potentialAction":[{"@type":"ReadAction","target":["https:\/\/www.rensep.org\/fr\/a-propos-de\/collaborations-avec-des-organisations-et-institutions\/"]}]},{"@type":"BreadcrumbList","@id":"https:\/\/www.rensep.org\/fr\/a-propos-de\/collaborations-avec-des-organisations-et-institutions\/#breadcrumb","itemListElement":[{"@type":"ListItem","position":1,"name":"Home","item":"https:\/\/www.rensep.org\/fr\/"},{"@type":"ListItem","position":2,"name":"\u00c0 propos de","item":"https:\/\/www.rensep.org\/fr\/a-propos-de\/"},{"@type":"ListItem","position":3,"name":"Collaborations avec des organisations et institutions"}]},{"@type":"WebSite","@id":"https:\/\/www.rensep.org\/fr\/#website","url":"https:\/\/www.rensep.org\/fr\/","name":"Research Network for the Study of Esoteric Practices","description":"","potentialAction":[{"@type":"SearchAction","target":{"@type":"EntryPoint","urlTemplate":"https:\/\/www.rensep.org\/fr\/?s={search_term_string}"},"query-input":"required name=search_term_string"}],"inLanguage":"fr-FR"}]}},"_links":{"self":[{"href":"https:\/\/www.rensep.org\/fr\/wp-json\/wp\/v2\/pages\/4618"}],"collection":[{"href":"https:\/\/www.rensep.org\/fr\/wp-json\/wp\/v2\/pages"}],"about":[{"href":"https:\/\/www.rensep.org\/fr\/wp-json\/wp\/v2\/types\/page"}],"author":[{"embeddable":true,"href":"https:\/\/www.rensep.org\/fr\/wp-json\/wp\/v2\/users\/6"}],"replies":[{"embeddable":true,"href":"https:\/\/www.rensep.org\/fr\/wp-json\/wp\/v2\/comments?post=4618"}],"version-history":[{"count":12,"href":"https:\/\/www.rensep.org\/fr\/wp-json\/wp\/v2\/pages\/4618\/revisions"}],"predecessor-version":[{"id":10047,"href":"https:\/\/www.rensep.org\/fr\/wp-json\/wp\/v2\/pages\/4618\/revisions\/10047"}],"up":[{"embeddable":true,"href":"https:\/\/www.rensep.org\/fr\/wp-json\/wp\/v2\/pages\/3557"}],"wp:attachment":[{"href":"https:\/\/www.rensep.org\/fr\/wp-json\/wp\/v2\/media?parent=4618"}],"curies":[{"name":"wp","href":"https:\/\/api.w.org\/{rel}","templated":true}]}}