{"id":3671,"date":"2023-02-21T08:56:08","date_gmt":"2023-02-21T07:56:08","guid":{"rendered":"https:\/\/www.rensep.org\/recherche\/agenda-de-recherche\/"},"modified":"2023-03-07T16:39:59","modified_gmt":"2023-03-07T15:39:59","slug":"agenda-de-recherche","status":"publish","type":"page","link":"https:\/\/www.rensep.org\/fr\/recherche\/agenda-de-recherche\/","title":{"rendered":"Programme de recherche"},"content":{"rendered":"<p>[vc_row][vc_column][vc_column_text]La mission du RENSEP est de promouvoir et de faire progresser l\u2019\u00e9tude interdisciplinaire et comparative des pratiques \u00e9sot\u00e9riques dans une perspective globale, avant tout via sa plateforme en ligne qui permet aux chercheurs th\u00e9oriciens et aux chercheurs pratiques de diff\u00e9rents milieux et disciplines de se rencontrer et d\u2019\u00e9changer leurs analyses et interpr\u00e9tations de pratiques \u00e9sot\u00e9riques avec un regard sans a priori, apolitique, non id\u00e9ologique et bas\u00e9 sur les donn\u00e9es. En plus de cette plateforme en ligne, le RENSEP finance l\u2019\u00e9tude des pratiques \u00e9sot\u00e9riques, par exemple pour les requ\u00eates et autres formes de collecte de donn\u00e9es, pour la cr\u00e9ation de bases de donn\u00e9es, pour l\u2019organisation de conf\u00e9rences et d\u2019ateliers, pour l\u2019octroi d&#8217;aides ponctuelles (p. ex., pour les voyages) ainsi que pour les bourses de doctorat, pour soutenir des initiatives de r\u00e9seaux connexes ou pour financer des projets de publication pertinents. Le programme de recherche du RENSEP est multidisciplinaire, mais il est ax\u00e9 sur les disciplines fondamentales de l\u2019histoire des religions, de l\u2019anthropologie, de la psychologie (y compris la science cognitive de la religion et des neurosciences) et des arts.<\/p>\n<p>En ce qui concerne la recherche en histoire des religions, le RENSEP n\u2019est pas en mesure de financer des projets de recherche \u00e0 part enti\u00e8re sur l\u2019histoire des pratiques \u00e9sot\u00e9riques, qui consomment g\u00e9n\u00e9ralement d\u2019importantes ressources en temps et en argent. Pourtant, le RENSEP souhaite poursuivre la recherche historique sur les pratiques \u00e9sot\u00e9riques en accordant des financements \u00e0 court terme (1 \u00e0 3 mois) pour la visite de biblioth\u00e8ques de manuscrits ou d\u2019archives, selon la pertinence et l\u2019originalit\u00e9 du projet de recherche.<\/p>\n<p>En se concentrant sur l\u2019anthropologie, le RENSEP souhaite d\u00e9passer les champs de recherche occidentaux ou europ\u00e9anistes et adopter une perspective globale sur les pratiques \u00e9sot\u00e9riques. Encore une fois, le RENSEP ne peut pas financer des projets de recherche anthropologique \u00e0 part enti\u00e8re, \u00e0 l&#8217;exception de quelques bourses de doctorat. La strat\u00e9gie du RENSEP est de collaborer syst\u00e9matiquement avec le CAS-E, le Centre d\u2019\u00e9tudes avanc\u00e9es sur \u00ab les rationalit\u00e9s alternatives et les pratiques \u00e9sot\u00e9riques dans une perspective globale \u00bb \u00e0 l&#8217;Universit\u00e9 Friedrich-Alexander Erlangen, \u00e0 Nuremberg, et \u00e9ventuellement d\u2019autres instituts de recherche \u00e0 vocation anthropologique et ax\u00e9s sur les pratiques \u00e9sot\u00e9riques. Le premier projet de doctorat du RENSEP en anthropologie est celui de Zheng Liu sur un devin chinois I-Ching contemporain. Par ailleurs, le RENSEP lancera le projet vid\u00e9o \u00ab Joyaux du terrain \u00bb (Gems from the field en anglais) qui pr\u00e9sente des s\u00e9quences vid\u00e9o originales in\u00e9dites dans l\u2019\u00e9tude anthropologique des pratiques \u00e9sot\u00e9riques avec commentaires et interviews.<\/p>\n<p>Le RENSEP adopte une triple approche en mati\u00e8re de recherche psychologique. Le RENSEP reconna\u00eet les approches r\u00e9centes dans l\u2019\u00e9tude cognitive de la religion qui ont cartographi\u00e9 et explor\u00e9 les processus mentaux qui augmentent la probabilit\u00e9 que les acteurs humains croient en des agents contre-intuitifs ou attribuent une efficacit\u00e9 ext\u00e9rieure aux rituels. Alors que ce type de recherche est d\u00e9sormais bien \u00e9tabli, le RENSEP entend aller au-del\u00e0 du paradigme psychologique actuel dans deux directions. Tout d&#8217;abord, le RENSEP pr\u00e9voit de financer des projets de recherche avec des reconstitutions de proc\u00e9dures rituelles, en particulier de rituels collectifs, de mani\u00e8re contr\u00f4l\u00e9e et syst\u00e9matique afin d\u2019explorer les effets de ces rituels sur la psych\u00e9 humaine ainsi que les r\u00e9percussions additionnelles. Deuxi\u00e8mement, le RENSEP souhaite entreprendre des recherches qui testent syst\u00e9matiquement l\u2019efficacit\u00e9 de certaines pratiques \u00e9sot\u00e9riques d\u2019une mani\u00e8re contr\u00f4l\u00e9e et exp\u00e9rimentale. En faisant cela, le RENSEP n\u2019approuvera pas la perspective d\u2019un praticien \u2013 ou d\u2019une personne religieuse\u2013 sur les pratiques \u00e9sot\u00e9riques, ni ne se contentera de l\u2019acad\u00e9misme commun qui tente d\u2019expliquer les pr\u00e9tendus effets des pratiques \u00e9sot\u00e9riques en pointant du doigt les processus de \u00ab fabrication \u00bb socio psychologiques ou cognitifs. Surtout en ce qui concerne l\u2019efficacit\u00e9 de la magie, il n&#8217;y a toujours pas d&#8217;\u00e9tude syst\u00e9matique et exp\u00e9rimentale de la magie, d\u2019o\u00f9 le fait que la validit\u00e9 des deux perspectives \u2013 l\u2019acceptation a priori ou le rejet a priori de l\u2019efficacit\u00e9 extra-mentale \u2013 reste jusqu\u2019\u00e0 pr\u00e9sent enti\u00e8rement sp\u00e9culative, ou m\u00eame purement id\u00e9ologique, et donc ouverte \u00e0 une \u00e9valuation scientifique critique. Le RENSEP favorise l\u2019\u00e9mergence d\u2019une \u00e9tude factuelle de la magie qui va au-del\u00e0 de ces deux suppositions et explore le sujet d\u2019une mani\u00e8re vraiment scientifique, c\u2019est-\u00e0-dire dans un esprit de curiosit\u00e9, neutre, ouvert et non id\u00e9ologique. Le RENSEP est dispos\u00e9 \u00e0 financer des \u00e9tudes exp\u00e9rimentales qui repoussent les limites de la recherche acad\u00e9mique accept\u00e9e dans ce territoire inexplor\u00e9.<\/p>\n<p>Le RENSEP s&#8217;int\u00e9resse tout particuli\u00e8rement \u00e0 l\u2019art \u00e9sot\u00e9rique car c\u2019est un m\u00e9dium qui peut th\u00e9matiser les pratiques \u00e9sot\u00e9riques vis-\u00e0-vis du grand public, mais qui peut aussi devenir une pratique \u00e9sot\u00e9rique en soi. C\u2019est surtout ce dernier ph\u00e9nom\u00e8ne \u2013 l\u2019enchev\u00eatrement des pratiques \u00e9sot\u00e9riques et artistiques \u2013 qui int\u00e9resse le RENSEP, conform\u00e9ment \u00e0 son approche prax\u00e9ologique. \u00c0 travers la nature transgressive de l\u2019art dans les discours culturels ainsi que sa capacit\u00e9 \u00e0 jouer avec les subtilit\u00e9s, les nuances et les ambivalences, l\u2019art est susceptible de promouvoir un int\u00e9r\u00eat pour les pratiques \u00e9sot\u00e9riques et de favoriser des interactions et des conversations anim\u00e9es \u00e0 travers divers discours et milieux. Le RENSEP finance donc des projets et des activit\u00e9s d\u2019artistes \u00e0 court terme (1 \u00e0 3 mois) en lien avec ses partenaires de recherche (HHP, Cini, Fulgur), et pr\u00e9voit une grande conf\u00e9rence collaborative en 2024 sur le th\u00e8me de la relation entre l\u2019art et les pratiques \u00e9sot\u00e9riques.<\/p>\n<p><strong>Priorit\u00e9s pour 2023<\/strong><\/p>\n<p>2023 sera la premi\u00e8re ann\u00e9e des activit\u00e9s scientifiques et du programme de financement du RENSEP, c\u2019est pourquoi ses priorit\u00e9s reposent sur des projets qui (a) correspondent fortement et illustrent le programme de recherche du RENSEP ; (b) ont une composante strat\u00e9gique en ce sens qu\u2019elle am\u00e9liore les collaborations du RENSEP avec des partenaires de recherche cl\u00e9s (p. ex., PSH, SAE-E, Rice); (c) comblent les lacunes actuelles de la recherche sur les pratiques \u00e9sot\u00e9riques, ce qui rehausse la valeur et la r\u00e9putation per\u00e7ues du RENSEP sur le plan universitaire; (d) repoussent et transcendent les limites communes de la recherche dans les pratiques \u00e9sot\u00e9riques en abordant des sujets que la recherche financ\u00e9e par les universit\u00e9s a tendance \u00e0 \u00e9viter et en \u00e9tablissant des collaborations strat\u00e9giques avec des praticiens pour la coproduction de connaissances sur les pratiques \u00e9sot\u00e9riques; et (e) ont une ampleur extraordinaire ou inhabituelle, ce qui intensifie la perception et la sensibilisation du public au RENSEP. En g\u00e9n\u00e9ral, comme les fonds sont limit\u00e9s, l\u2019approche du RENSEP est d&#8217;investir dans des projets o\u00f9 m\u00eame des fonds minimes peuvent produire de grands r\u00e9sultats.[\/vc_column_text][\/vc_column][\/vc_row]<\/p>\n","protected":false},"excerpt":{"rendered":"<p>[vc_row][vc_column][vc_column_text]La mission du RENSEP est de promouvoir et de faire progresser l\u2019\u00e9tude interdisciplinaire et comparative des pratiques \u00e9sot\u00e9riques dans une perspective globale, avant tout via&hellip;<\/p>\n","protected":false},"author":176,"featured_media":3480,"parent":3666,"menu_order":0,"comment_status":"closed","ping_status":"closed","template":"","meta":{"pmpro_default_level":0,"footnotes":"","hide_for_non_member":false},"yoast_head":"<!-- This site is optimized with the Yoast SEO plugin v22.1 - https:\/\/yoast.com\/wordpress\/plugins\/seo\/ -->\n<title>Programme de recherche - Research Network for the Study of Esoteric Practices<\/title>\n<meta name=\"robots\" content=\"index, follow, max-snippet:-1, max-image-preview:large, max-video-preview:-1\" \/>\n<link rel=\"canonical\" href=\"https:\/\/www.rensep.org\/fr\/recherche\/agenda-de-recherche\/\" \/>\n<meta property=\"og:locale\" content=\"fr_FR\" \/>\n<meta property=\"og:type\" content=\"article\" \/>\n<meta property=\"og:title\" content=\"Programme de recherche - Research Network for the Study of Esoteric Practices\" \/>\n<meta property=\"og:description\" content=\"[vc_row][vc_column][vc_column_text]La mission du RENSEP est de promouvoir et de faire progresser l\u2019\u00e9tude interdisciplinaire et comparative des pratiques \u00e9sot\u00e9riques dans une perspective globale, avant tout via&hellip;\" \/>\n<meta property=\"og:url\" content=\"https:\/\/www.rensep.org\/fr\/recherche\/agenda-de-recherche\/\" \/>\n<meta property=\"og:site_name\" content=\"Research Network for the Study of Esoteric Practices\" \/>\n<meta property=\"article:modified_time\" content=\"2023-03-07T15:39:59+00:00\" \/>\n<meta property=\"og:image\" content=\"https:\/\/www.rensep.org\/wp-content\/uploads\/2023\/02\/pexels-pixabay-414916-1280x853.jpg\" \/>\n\t<meta property=\"og:image:width\" content=\"1280\" \/>\n\t<meta property=\"og:image:height\" content=\"853\" \/>\n\t<meta property=\"og:image:type\" content=\"image\/jpeg\" \/>\n<meta name=\"twitter:card\" content=\"summary_large_image\" \/>\n<meta name=\"twitter:label1\" content=\"Dur\u00e9e de lecture estim\u00e9e\" \/>\n\t<meta name=\"twitter:data1\" content=\"6 minutes\" \/>\n<script type=\"application\/ld+json\" class=\"yoast-schema-graph\">{\"@context\":\"https:\/\/schema.org\",\"@graph\":[{\"@type\":\"WebPage\",\"@id\":\"https:\/\/www.rensep.org\/fr\/recherche\/agenda-de-recherche\/\",\"url\":\"https:\/\/www.rensep.org\/fr\/recherche\/agenda-de-recherche\/\",\"name\":\"Programme de recherche - Research Network for the Study of Esoteric Practices\",\"isPartOf\":{\"@id\":\"https:\/\/www.rensep.org\/fr\/#website\"},\"datePublished\":\"2023-02-21T07:56:08+00:00\",\"dateModified\":\"2023-03-07T15:39:59+00:00\",\"breadcrumb\":{\"@id\":\"https:\/\/www.rensep.org\/fr\/recherche\/agenda-de-recherche\/#breadcrumb\"},\"inLanguage\":\"fr-FR\",\"potentialAction\":[{\"@type\":\"ReadAction\",\"target\":[\"https:\/\/www.rensep.org\/fr\/recherche\/agenda-de-recherche\/\"]}]},{\"@type\":\"BreadcrumbList\",\"@id\":\"https:\/\/www.rensep.org\/fr\/recherche\/agenda-de-recherche\/#breadcrumb\",\"itemListElement\":[{\"@type\":\"ListItem\",\"position\":1,\"name\":\"Home\",\"item\":\"https:\/\/www.rensep.org\/fr\/\"},{\"@type\":\"ListItem\",\"position\":2,\"name\":\"Recherche\",\"item\":\"https:\/\/www.rensep.org\/fr\/recherche\/\"},{\"@type\":\"ListItem\",\"position\":3,\"name\":\"Programme de recherche\"}]},{\"@type\":\"WebSite\",\"@id\":\"https:\/\/www.rensep.org\/fr\/#website\",\"url\":\"https:\/\/www.rensep.org\/fr\/\",\"name\":\"Research Network for the Study of Esoteric Practices\",\"description\":\"\",\"potentialAction\":[{\"@type\":\"SearchAction\",\"target\":{\"@type\":\"EntryPoint\",\"urlTemplate\":\"https:\/\/www.rensep.org\/fr\/?s={search_term_string}\"},\"query-input\":\"required name=search_term_string\"}],\"inLanguage\":\"fr-FR\"}]}<\/script>\n<!-- \/ Yoast SEO plugin. -->","yoast_head_json":{"title":"Programme de recherche - Research Network for the Study of Esoteric Practices","robots":{"index":"index","follow":"follow","max-snippet":"max-snippet:-1","max-image-preview":"max-image-preview:large","max-video-preview":"max-video-preview:-1"},"canonical":"https:\/\/www.rensep.org\/fr\/recherche\/agenda-de-recherche\/","og_locale":"fr_FR","og_type":"article","og_title":"Programme de recherche - Research Network for the Study of Esoteric Practices","og_description":"[vc_row][vc_column][vc_column_text]La mission du RENSEP est de promouvoir et de faire progresser l\u2019\u00e9tude interdisciplinaire et comparative des pratiques \u00e9sot\u00e9riques dans une perspective globale, avant tout via&hellip;","og_url":"https:\/\/www.rensep.org\/fr\/recherche\/agenda-de-recherche\/","og_site_name":"Research Network for the Study of Esoteric Practices","article_modified_time":"2023-03-07T15:39:59+00:00","og_image":[{"width":1280,"height":853,"url":"https:\/\/www.rensep.org\/wp-content\/uploads\/2023\/02\/pexels-pixabay-414916-1280x853.jpg","type":"image\/jpeg"}],"twitter_card":"summary_large_image","twitter_misc":{"Dur\u00e9e de lecture estim\u00e9e":"6 minutes"},"schema":{"@context":"https:\/\/schema.org","@graph":[{"@type":"WebPage","@id":"https:\/\/www.rensep.org\/fr\/recherche\/agenda-de-recherche\/","url":"https:\/\/www.rensep.org\/fr\/recherche\/agenda-de-recherche\/","name":"Programme de recherche - Research Network for the Study of Esoteric Practices","isPartOf":{"@id":"https:\/\/www.rensep.org\/fr\/#website"},"datePublished":"2023-02-21T07:56:08+00:00","dateModified":"2023-03-07T15:39:59+00:00","breadcrumb":{"@id":"https:\/\/www.rensep.org\/fr\/recherche\/agenda-de-recherche\/#breadcrumb"},"inLanguage":"fr-FR","potentialAction":[{"@type":"ReadAction","target":["https:\/\/www.rensep.org\/fr\/recherche\/agenda-de-recherche\/"]}]},{"@type":"BreadcrumbList","@id":"https:\/\/www.rensep.org\/fr\/recherche\/agenda-de-recherche\/#breadcrumb","itemListElement":[{"@type":"ListItem","position":1,"name":"Home","item":"https:\/\/www.rensep.org\/fr\/"},{"@type":"ListItem","position":2,"name":"Recherche","item":"https:\/\/www.rensep.org\/fr\/recherche\/"},{"@type":"ListItem","position":3,"name":"Programme de recherche"}]},{"@type":"WebSite","@id":"https:\/\/www.rensep.org\/fr\/#website","url":"https:\/\/www.rensep.org\/fr\/","name":"Research Network for the Study of Esoteric Practices","description":"","potentialAction":[{"@type":"SearchAction","target":{"@type":"EntryPoint","urlTemplate":"https:\/\/www.rensep.org\/fr\/?s={search_term_string}"},"query-input":"required name=search_term_string"}],"inLanguage":"fr-FR"}]}},"_links":{"self":[{"href":"https:\/\/www.rensep.org\/fr\/wp-json\/wp\/v2\/pages\/3671"}],"collection":[{"href":"https:\/\/www.rensep.org\/fr\/wp-json\/wp\/v2\/pages"}],"about":[{"href":"https:\/\/www.rensep.org\/fr\/wp-json\/wp\/v2\/types\/page"}],"author":[{"embeddable":true,"href":"https:\/\/www.rensep.org\/fr\/wp-json\/wp\/v2\/users\/176"}],"replies":[{"embeddable":true,"href":"https:\/\/www.rensep.org\/fr\/wp-json\/wp\/v2\/comments?post=3671"}],"version-history":[{"count":7,"href":"https:\/\/www.rensep.org\/fr\/wp-json\/wp\/v2\/pages\/3671\/revisions"}],"predecessor-version":[{"id":3772,"href":"https:\/\/www.rensep.org\/fr\/wp-json\/wp\/v2\/pages\/3671\/revisions\/3772"}],"up":[{"embeddable":true,"href":"https:\/\/www.rensep.org\/fr\/wp-json\/wp\/v2\/pages\/3666"}],"wp:featuredmedia":[{"embeddable":true,"href":"https:\/\/www.rensep.org\/fr\/wp-json\/wp\/v2\/media\/3480"}],"wp:attachment":[{"href":"https:\/\/www.rensep.org\/fr\/wp-json\/wp\/v2\/media?parent=3671"}],"curies":[{"name":"wp","href":"https:\/\/api.w.org\/{rel}","templated":true}]}}