{"id":3668,"date":"2023-02-21T08:56:45","date_gmt":"2023-02-21T07:56:45","guid":{"rendered":"https:\/\/www.rensep.org\/recherche\/financement\/"},"modified":"2023-03-07T16:47:37","modified_gmt":"2023-03-07T15:47:37","slug":"financement","status":"publish","type":"page","link":"https:\/\/www.rensep.org\/fr\/recherche\/financement\/","title":{"rendered":"Financement"},"content":{"rendered":"<p>[vc_row][vc_column][vc_column_text]2023 est l\u2019ann\u00e9e de d\u00e9part du programme de financement du RENSEP. Le RENSEP financera ou parrainera les projets et activit\u00e9s de recherche suivants en 2023 :<\/p>\n<ul>\n<li>Projet de doctorat de Zheng Liu au CAS-E, FAU Erlangen-N\u00fcrnberg, sur le curriculum d&#8217;un devin I-Ging chinois<\/li>\n<li>Bourse RENSEP \u2018Archives of the Impossible\u2019 (Archives de l&#8217;impossible en fran\u00e7ais) : en collaboration avec le Prof. Jeffrey J. Kripal, J. Newton Rayzor Chaire de philosophie et pens\u00e9e religieuse \u00e0 l&#8217;Universit\u00e9 Rice \u00e0 Houston, au Texas. Le RENSEP finance des s\u00e9jours de recherche courts (1 mois) dans les \u00ab Archives de l\u2019impossible \u00bb, en mettant particuli\u00e8rement l\u2019accent sur son mat\u00e9riel de consultation \u00e0 distance et de m\u00e9diumnit\u00e9 physique<\/li>\n<li>Bourse \u00ab Art \u00e9sot\u00e9rique \u00bb du RENSEP : En collaboration avec le Prof. Marco Pasi, Universit\u00e9 d\u2019Amsterdam, le RENSEP finance de courts s\u00e9jours (1 mois) de recherche artistique pour explorer les limites et les effets des pratiques \u00e9sot\u00e9riques li\u00e9es \u00e0 l\u2019art<\/li>\n<li>Bourse \u00ab base de donn\u00e9es \u00bb du RENSEP : Le RENSEP finance des projets de recherche qui \u00e9valuent les donn\u00e9es de praticiens \u00e9sot\u00e9riques, p. ex., des rapports d\u2019exp\u00e9rience, et analysent ces donn\u00e9es, contribuant ainsi \u00e0 la base de donn\u00e9es croissante du RENSEP.<\/li>\n<li>Bourse \u00ab Archives \u00bb du RENSEP : Le RENSEP finance la recherche historique sur les pratiques \u00e9sot\u00e9riques en accordant des aides \u00e0 court terme (1 \u00e0 3 mois) pour la visite de biblioth\u00e8ques ou d\u2019archives manuscrites.<\/li>\n<li>Prix du meilleur article de RENSEP sur les \u00ab pratiques \u00e9sot\u00e9riques \u00bb<\/li>\n<\/ul>\n<p>[\/vc_column_text][\/vc_column][\/vc_row]<\/p>\n","protected":false},"excerpt":{"rendered":"<p>[vc_row][vc_column][vc_column_text]2023 est l\u2019ann\u00e9e de d\u00e9part du programme de financement du RENSEP. Le RENSEP financera ou parrainera les projets et activit\u00e9s de recherche suivants en 2023&hellip;<\/p>\n","protected":false},"author":176,"featured_media":0,"parent":3666,"menu_order":0,"comment_status":"closed","ping_status":"closed","template":"","meta":{"pmpro_default_level":0,"footnotes":"","hide_for_non_member":false},"yoast_head":"<!-- This site is optimized with the Yoast SEO plugin v22.1 - https:\/\/yoast.com\/wordpress\/plugins\/seo\/ -->\n<title>Financement - Research Network for the Study of Esoteric Practices<\/title>\n<meta name=\"robots\" content=\"index, follow, max-snippet:-1, max-image-preview:large, max-video-preview:-1\" \/>\n<link rel=\"canonical\" href=\"https:\/\/www.rensep.org\/fr\/recherche\/financement\/\" \/>\n<meta property=\"og:locale\" content=\"fr_FR\" \/>\n<meta property=\"og:type\" content=\"article\" \/>\n<meta property=\"og:title\" content=\"Financement - Research Network for the Study of Esoteric Practices\" \/>\n<meta property=\"og:description\" content=\"[vc_row][vc_column][vc_column_text]2023 est l\u2019ann\u00e9e de d\u00e9part du programme de financement du RENSEP. Le RENSEP financera ou parrainera les projets et activit\u00e9s de recherche suivants en 2023&hellip;\" \/>\n<meta property=\"og:url\" content=\"https:\/\/www.rensep.org\/fr\/recherche\/financement\/\" \/>\n<meta property=\"og:site_name\" content=\"Research Network for the Study of Esoteric Practices\" \/>\n<meta property=\"article:modified_time\" content=\"2023-03-07T15:47:37+00:00\" \/>\n<meta name=\"twitter:card\" content=\"summary_large_image\" \/>\n<meta name=\"twitter:label1\" content=\"Dur\u00e9e de lecture estim\u00e9e\" \/>\n\t<meta name=\"twitter:data1\" content=\"1 minute\" \/>\n<script type=\"application\/ld+json\" class=\"yoast-schema-graph\">{\"@context\":\"https:\/\/schema.org\",\"@graph\":[{\"@type\":\"WebPage\",\"@id\":\"https:\/\/www.rensep.org\/fr\/recherche\/financement\/\",\"url\":\"https:\/\/www.rensep.org\/fr\/recherche\/financement\/\",\"name\":\"Financement - Research Network for the Study of Esoteric Practices\",\"isPartOf\":{\"@id\":\"https:\/\/www.rensep.org\/fr\/#website\"},\"datePublished\":\"2023-02-21T07:56:45+00:00\",\"dateModified\":\"2023-03-07T15:47:37+00:00\",\"breadcrumb\":{\"@id\":\"https:\/\/www.rensep.org\/fr\/recherche\/financement\/#breadcrumb\"},\"inLanguage\":\"fr-FR\",\"potentialAction\":[{\"@type\":\"ReadAction\",\"target\":[\"https:\/\/www.rensep.org\/fr\/recherche\/financement\/\"]}]},{\"@type\":\"BreadcrumbList\",\"@id\":\"https:\/\/www.rensep.org\/fr\/recherche\/financement\/#breadcrumb\",\"itemListElement\":[{\"@type\":\"ListItem\",\"position\":1,\"name\":\"Home\",\"item\":\"https:\/\/www.rensep.org\/fr\/\"},{\"@type\":\"ListItem\",\"position\":2,\"name\":\"Recherche\",\"item\":\"https:\/\/www.rensep.org\/fr\/recherche\/\"},{\"@type\":\"ListItem\",\"position\":3,\"name\":\"Financement\"}]},{\"@type\":\"WebSite\",\"@id\":\"https:\/\/www.rensep.org\/fr\/#website\",\"url\":\"https:\/\/www.rensep.org\/fr\/\",\"name\":\"Research Network for the Study of Esoteric Practices\",\"description\":\"\",\"potentialAction\":[{\"@type\":\"SearchAction\",\"target\":{\"@type\":\"EntryPoint\",\"urlTemplate\":\"https:\/\/www.rensep.org\/fr\/?s={search_term_string}\"},\"query-input\":\"required name=search_term_string\"}],\"inLanguage\":\"fr-FR\"}]}<\/script>\n<!-- \/ Yoast SEO plugin. -->","yoast_head_json":{"title":"Financement - Research Network for the Study of Esoteric Practices","robots":{"index":"index","follow":"follow","max-snippet":"max-snippet:-1","max-image-preview":"max-image-preview:large","max-video-preview":"max-video-preview:-1"},"canonical":"https:\/\/www.rensep.org\/fr\/recherche\/financement\/","og_locale":"fr_FR","og_type":"article","og_title":"Financement - Research Network for the Study of Esoteric Practices","og_description":"[vc_row][vc_column][vc_column_text]2023 est l\u2019ann\u00e9e de d\u00e9part du programme de financement du RENSEP. Le RENSEP financera ou parrainera les projets et activit\u00e9s de recherche suivants en 2023&hellip;","og_url":"https:\/\/www.rensep.org\/fr\/recherche\/financement\/","og_site_name":"Research Network for the Study of Esoteric Practices","article_modified_time":"2023-03-07T15:47:37+00:00","twitter_card":"summary_large_image","twitter_misc":{"Dur\u00e9e de lecture estim\u00e9e":"1 minute"},"schema":{"@context":"https:\/\/schema.org","@graph":[{"@type":"WebPage","@id":"https:\/\/www.rensep.org\/fr\/recherche\/financement\/","url":"https:\/\/www.rensep.org\/fr\/recherche\/financement\/","name":"Financement - Research Network for the Study of Esoteric Practices","isPartOf":{"@id":"https:\/\/www.rensep.org\/fr\/#website"},"datePublished":"2023-02-21T07:56:45+00:00","dateModified":"2023-03-07T15:47:37+00:00","breadcrumb":{"@id":"https:\/\/www.rensep.org\/fr\/recherche\/financement\/#breadcrumb"},"inLanguage":"fr-FR","potentialAction":[{"@type":"ReadAction","target":["https:\/\/www.rensep.org\/fr\/recherche\/financement\/"]}]},{"@type":"BreadcrumbList","@id":"https:\/\/www.rensep.org\/fr\/recherche\/financement\/#breadcrumb","itemListElement":[{"@type":"ListItem","position":1,"name":"Home","item":"https:\/\/www.rensep.org\/fr\/"},{"@type":"ListItem","position":2,"name":"Recherche","item":"https:\/\/www.rensep.org\/fr\/recherche\/"},{"@type":"ListItem","position":3,"name":"Financement"}]},{"@type":"WebSite","@id":"https:\/\/www.rensep.org\/fr\/#website","url":"https:\/\/www.rensep.org\/fr\/","name":"Research Network for the Study of Esoteric Practices","description":"","potentialAction":[{"@type":"SearchAction","target":{"@type":"EntryPoint","urlTemplate":"https:\/\/www.rensep.org\/fr\/?s={search_term_string}"},"query-input":"required name=search_term_string"}],"inLanguage":"fr-FR"}]}},"_links":{"self":[{"href":"https:\/\/www.rensep.org\/fr\/wp-json\/wp\/v2\/pages\/3668"}],"collection":[{"href":"https:\/\/www.rensep.org\/fr\/wp-json\/wp\/v2\/pages"}],"about":[{"href":"https:\/\/www.rensep.org\/fr\/wp-json\/wp\/v2\/types\/page"}],"author":[{"embeddable":true,"href":"https:\/\/www.rensep.org\/fr\/wp-json\/wp\/v2\/users\/176"}],"replies":[{"embeddable":true,"href":"https:\/\/www.rensep.org\/fr\/wp-json\/wp\/v2\/comments?post=3668"}],"version-history":[{"count":5,"href":"https:\/\/www.rensep.org\/fr\/wp-json\/wp\/v2\/pages\/3668\/revisions"}],"predecessor-version":[{"id":3779,"href":"https:\/\/www.rensep.org\/fr\/wp-json\/wp\/v2\/pages\/3668\/revisions\/3779"}],"up":[{"embeddable":true,"href":"https:\/\/www.rensep.org\/fr\/wp-json\/wp\/v2\/pages\/3666"}],"wp:attachment":[{"href":"https:\/\/www.rensep.org\/fr\/wp-json\/wp\/v2\/media?parent=3668"}],"curies":[{"name":"wp","href":"https:\/\/api.w.org\/{rel}","templated":true}]}}