{"id":3666,"date":"2023-02-21T09:20:00","date_gmt":"2023-02-21T08:20:00","guid":{"rendered":"https:\/\/www.rensep.org\/recherche\/"},"modified":"2023-03-08T16:04:46","modified_gmt":"2023-03-08T15:04:46","slug":"recherche","status":"publish","type":"page","link":"https:\/\/www.rensep.org\/fr\/recherche\/","title":{"rendered":"Recherche"},"content":{"rendered":"<p>[vc_row][vc_column][vc_column_text]La mission du RENSEP est de promouvoir et de faire progresser l\u2019\u00e9tude interdisciplinaire et comparative des pratiques \u00e9sot\u00e9riques dans une perspective globale, avant tout via sa plateforme en ligne qui permet aux chercheurs th\u00e9oriciens et aux chercheurs pratiques de diff\u00e9rents milieux et disciplines de se rencontrer et d\u2019\u00e9changer leurs analyses et interpr\u00e9tations de pratiques \u00e9sot\u00e9riques avec un regard sans a priori, apolitique, non id\u00e9ologique et bas\u00e9 sur les donn\u00e9es. En plus de cette plateforme en ligne, le RENSEP finance l\u2019\u00e9tude des pratiques \u00e9sot\u00e9riques, par exemple pour les requ\u00eates et autres formes de collecte de donn\u00e9es, pour la cr\u00e9ation de bases de donn\u00e9es, pour l\u2019organisation de conf\u00e9rences et d\u2019ateliers, pour l\u2019octroi d\u2019aides ponctuelles (p. ex., pour les voyages) ainsi que pour les bourses de doctorat, pour soutenir des initiatives de r\u00e9seaux connexes ou pour financer des projets de publication pertinents. Le programme de recherche du RENSEP est multidisciplinaire, mais il est ax\u00e9 sur les disciplines fondamentales de l\u2019histoire des religions, de l\u2019anthropologie, de la psychologie (y compris la science cognitive de la religion et des neurosciences) et des arts.<\/p>\n<h3><strong>Priorit\u00e9s pour 2023<\/strong><\/h3>\n<p>2023 sera la premi\u00e8re ann\u00e9e des activit\u00e9s scientifiques et du programme de financement du RENSEP, c\u2019est pourquoi ses priorit\u00e9s reposent sur des projets qui (a) correspondent fortement et illustrent le programme de recherche du RENSEP ; (b) ont une composante strat\u00e9gique en ce sens qu\u2019elle am\u00e9liore les collaborations du RENSEP avec des partenaires de recherche cl\u00e9s (p. ex., PSH, SAE-E, Rice); (c) comblent les lacunes actuelles de la recherche sur les pratiques \u00e9sot\u00e9riques, ce qui rehausse la valeur et la r\u00e9putation per\u00e7ues du RENSEP sur le plan universitaire; (d) repoussent et transcendent les limites communes de la recherche dans les pratiques \u00e9sot\u00e9riques en abordant des sujets que la recherche financ\u00e9e par les universit\u00e9s a tendance \u00e0 \u00e9viter et en \u00e9tablissant des collaborations strat\u00e9giques avec des praticiens pour la coproduction de connaissances sur les pratiques \u00e9sot\u00e9riques; et (e) ont une ampleur extraordinaire ou inhabituelle, ce qui intensifie la perception et la sensibilisation du public au RENSEP. En g\u00e9n\u00e9ral, comme les fonds sont limit\u00e9s, l\u2019approche du RENSEP est d&#8217;investir dans des projets o\u00f9 m\u00eame des fonds minimes peuvent produire de grands r\u00e9sultats.[\/vc_column_text][\/vc_column][\/vc_row]<\/p>\n","protected":false},"excerpt":{"rendered":"<p>[vc_row][vc_column][vc_column_text]La mission du RENSEP est de promouvoir et de faire progresser l\u2019\u00e9tude interdisciplinaire et comparative des pratiques \u00e9sot\u00e9riques dans une perspective globale, avant tout via&hellip;<\/p>\n","protected":false},"author":176,"featured_media":0,"parent":0,"menu_order":0,"comment_status":"closed","ping_status":"closed","template":"","meta":{"pmpro_default_level":0,"footnotes":"","hide_for_non_member":false},"yoast_head":"<!-- This site is optimized with the Yoast SEO plugin v22.1 - https:\/\/yoast.com\/wordpress\/plugins\/seo\/ -->\n<title>Recherche - Research Network for the Study of Esoteric Practices<\/title>\n<meta name=\"robots\" content=\"index, follow, max-snippet:-1, max-image-preview:large, max-video-preview:-1\" \/>\n<link rel=\"canonical\" href=\"https:\/\/www.rensep.org\/fr\/recherche\/\" \/>\n<meta property=\"og:locale\" content=\"fr_FR\" \/>\n<meta property=\"og:type\" content=\"article\" \/>\n<meta property=\"og:title\" content=\"Recherche - Research Network for the Study of Esoteric Practices\" \/>\n<meta property=\"og:description\" content=\"[vc_row][vc_column][vc_column_text]La mission du RENSEP est de promouvoir et de faire progresser l\u2019\u00e9tude interdisciplinaire et comparative des pratiques \u00e9sot\u00e9riques dans une perspective globale, avant tout via&hellip;\" \/>\n<meta property=\"og:url\" content=\"https:\/\/www.rensep.org\/fr\/recherche\/\" \/>\n<meta property=\"og:site_name\" content=\"Research Network for the Study of Esoteric Practices\" \/>\n<meta property=\"article:modified_time\" content=\"2023-03-08T15:04:46+00:00\" \/>\n<meta name=\"twitter:card\" content=\"summary_large_image\" \/>\n<meta name=\"twitter:label1\" content=\"Dur\u00e9e de lecture estim\u00e9e\" \/>\n\t<meta name=\"twitter:data1\" content=\"2 minutes\" \/>\n<script type=\"application\/ld+json\" class=\"yoast-schema-graph\">{\"@context\":\"https:\/\/schema.org\",\"@graph\":[{\"@type\":\"WebPage\",\"@id\":\"https:\/\/www.rensep.org\/fr\/recherche\/\",\"url\":\"https:\/\/www.rensep.org\/fr\/recherche\/\",\"name\":\"Recherche - Research Network for the Study of Esoteric Practices\",\"isPartOf\":{\"@id\":\"https:\/\/www.rensep.org\/fr\/#website\"},\"datePublished\":\"2023-02-21T08:20:00+00:00\",\"dateModified\":\"2023-03-08T15:04:46+00:00\",\"breadcrumb\":{\"@id\":\"https:\/\/www.rensep.org\/fr\/recherche\/#breadcrumb\"},\"inLanguage\":\"fr-FR\",\"potentialAction\":[{\"@type\":\"ReadAction\",\"target\":[\"https:\/\/www.rensep.org\/fr\/recherche\/\"]}]},{\"@type\":\"BreadcrumbList\",\"@id\":\"https:\/\/www.rensep.org\/fr\/recherche\/#breadcrumb\",\"itemListElement\":[{\"@type\":\"ListItem\",\"position\":1,\"name\":\"Home\",\"item\":\"https:\/\/www.rensep.org\/fr\/\"},{\"@type\":\"ListItem\",\"position\":2,\"name\":\"Recherche\"}]},{\"@type\":\"WebSite\",\"@id\":\"https:\/\/www.rensep.org\/fr\/#website\",\"url\":\"https:\/\/www.rensep.org\/fr\/\",\"name\":\"Research Network for the Study of Esoteric Practices\",\"description\":\"\",\"potentialAction\":[{\"@type\":\"SearchAction\",\"target\":{\"@type\":\"EntryPoint\",\"urlTemplate\":\"https:\/\/www.rensep.org\/fr\/?s={search_term_string}\"},\"query-input\":\"required name=search_term_string\"}],\"inLanguage\":\"fr-FR\"}]}<\/script>\n<!-- \/ Yoast SEO plugin. -->","yoast_head_json":{"title":"Recherche - Research Network for the Study of Esoteric Practices","robots":{"index":"index","follow":"follow","max-snippet":"max-snippet:-1","max-image-preview":"max-image-preview:large","max-video-preview":"max-video-preview:-1"},"canonical":"https:\/\/www.rensep.org\/fr\/recherche\/","og_locale":"fr_FR","og_type":"article","og_title":"Recherche - Research Network for the Study of Esoteric Practices","og_description":"[vc_row][vc_column][vc_column_text]La mission du RENSEP est de promouvoir et de faire progresser l\u2019\u00e9tude interdisciplinaire et comparative des pratiques \u00e9sot\u00e9riques dans une perspective globale, avant tout via&hellip;","og_url":"https:\/\/www.rensep.org\/fr\/recherche\/","og_site_name":"Research Network for the Study of Esoteric Practices","article_modified_time":"2023-03-08T15:04:46+00:00","twitter_card":"summary_large_image","twitter_misc":{"Dur\u00e9e de lecture estim\u00e9e":"2 minutes"},"schema":{"@context":"https:\/\/schema.org","@graph":[{"@type":"WebPage","@id":"https:\/\/www.rensep.org\/fr\/recherche\/","url":"https:\/\/www.rensep.org\/fr\/recherche\/","name":"Recherche - Research Network for the Study of Esoteric Practices","isPartOf":{"@id":"https:\/\/www.rensep.org\/fr\/#website"},"datePublished":"2023-02-21T08:20:00+00:00","dateModified":"2023-03-08T15:04:46+00:00","breadcrumb":{"@id":"https:\/\/www.rensep.org\/fr\/recherche\/#breadcrumb"},"inLanguage":"fr-FR","potentialAction":[{"@type":"ReadAction","target":["https:\/\/www.rensep.org\/fr\/recherche\/"]}]},{"@type":"BreadcrumbList","@id":"https:\/\/www.rensep.org\/fr\/recherche\/#breadcrumb","itemListElement":[{"@type":"ListItem","position":1,"name":"Home","item":"https:\/\/www.rensep.org\/fr\/"},{"@type":"ListItem","position":2,"name":"Recherche"}]},{"@type":"WebSite","@id":"https:\/\/www.rensep.org\/fr\/#website","url":"https:\/\/www.rensep.org\/fr\/","name":"Research Network for the Study of Esoteric Practices","description":"","potentialAction":[{"@type":"SearchAction","target":{"@type":"EntryPoint","urlTemplate":"https:\/\/www.rensep.org\/fr\/?s={search_term_string}"},"query-input":"required name=search_term_string"}],"inLanguage":"fr-FR"}]}},"_links":{"self":[{"href":"https:\/\/www.rensep.org\/fr\/wp-json\/wp\/v2\/pages\/3666"}],"collection":[{"href":"https:\/\/www.rensep.org\/fr\/wp-json\/wp\/v2\/pages"}],"about":[{"href":"https:\/\/www.rensep.org\/fr\/wp-json\/wp\/v2\/types\/page"}],"author":[{"embeddable":true,"href":"https:\/\/www.rensep.org\/fr\/wp-json\/wp\/v2\/users\/176"}],"replies":[{"embeddable":true,"href":"https:\/\/www.rensep.org\/fr\/wp-json\/wp\/v2\/comments?post=3666"}],"version-history":[{"count":3,"href":"https:\/\/www.rensep.org\/fr\/wp-json\/wp\/v2\/pages\/3666\/revisions"}],"predecessor-version":[{"id":3810,"href":"https:\/\/www.rensep.org\/fr\/wp-json\/wp\/v2\/pages\/3666\/revisions\/3810"}],"wp:attachment":[{"href":"https:\/\/www.rensep.org\/fr\/wp-json\/wp\/v2\/media?parent=3666"}],"curies":[{"name":"wp","href":"https:\/\/api.w.org\/{rel}","templated":true}]}}