{"id":3615,"date":"2020-09-22T09:33:10","date_gmt":"2020-09-22T08:33:10","guid":{"rendered":"https:\/\/www.rensep.org\/?page_id=3615"},"modified":"2025-05-24T17:31:36","modified_gmt":"2025-05-24T16:31:36","slug":"avis-de-confidentialite","status":"publish","type":"page","link":"https:\/\/www.rensep.org\/fr\/avis-de-confidentialite\/","title":{"rendered":"Avis de confidentialit\u00e9"},"content":{"rendered":"<h1>Avis de confidentialit\u00e9 externe<\/h1>\n<p>Derni\u00e8re mise \u00e0 jour : 06\/02\/2023<\/p>\n<h3>Introduction<\/h3>\n<p>Le Research Network for the Study of Esoteric Practices (R\u00e9seau de recherche pour l\u2019\u00e9tude des pratiques \u00e9sot\u00e9riques en fran\u00e7ais, \u00ab RENSEP \u00bb, \u00ab nous \u00bb, \u00ab notre \u00bb) s\u2019engage \u00e0 prot\u00e9ger la vie priv\u00e9e et la s\u00e9curit\u00e9 des donn\u00e9es personnelles que nous recueillons sur les clients finaux et les utilisateurs de nos services (\u00ab vous\/v\u00f4tre \u00bb).<\/p>\n<p>Le pr\u00e9sent avis de confidentialit\u00e9 a pour but d\u2019expliquer quelles les donn\u00e9es personnelles nous recueillons \u00e0 votre sujet lorsque vous utilisez notre site Web et communiquez avec nous. Lorsque nous faisons cela, nous sommes le contr\u00f4leur des donn\u00e9es.<\/p>\n<p>Veuillez lire attentivement cet avis de confidentialit\u00e9 car il contient des informations importantes sur la fa\u00e7on dont nous traitons vos informations personnelles et vos droits. Si vous avez des questions sur un aspect quelconque de cet avis de confidentialit\u00e9, vous pouvez nous contacter en utilisant les informations fournies ci-dessous ou en nous envoyant un e-mail \u00e0 dataprivacy@rensep.org.<\/p>\n<p>Nous mettons r\u00e9guli\u00e8rement \u00e0 jour cet avis de confidentialit\u00e9 en r\u00e9ponse aux modifications des lois en vigueur, \u00e0 nos pratiques de traitement et aux produits et services que nous offrons. Lorsque des modifications seront apport\u00e9es, nous mettrons \u00e0 jour la date en haut du pr\u00e9sent document. Veuillez consulter r\u00e9guli\u00e8rement cet avis de confidentialit\u00e9 pour v\u00e9rifier toute mise \u00e0 jour.<\/p>\n<p>\u00c0 qui s\u2019applique le pr\u00e9sent avis de confidentialit\u00e9<\/p>\n<p>Cet avis de confidentialit\u00e9 vous concerne si:<\/p>\n<ol>\n<li>Vous visitez notre site Web<\/li>\n<li>Vous \u00eates un membre inscrit sur notre plateforme<\/li>\n<li>Vous effectuez une nouvelle inscription en ligne<\/li>\n<li>Vous partagez des informations avec d\u2019autres membres<\/li>\n<li>Vous participez \u00e0 l\u2019une de nos enqu\u00eates<\/li>\n<li>Vous vous renseignez sur nos services<\/li>\n<li>Vous remplissez un formulaire de contact<\/li>\n<li>Vous vous inscrivez pour recevoir des publications ou d\u2019autres communications de notre part<\/li>\n<\/ol>\n<h3>Que sont les donn\u00e9es personnelles?<\/h3>\n<p>\u00ab Donn\u00e9es personnelles \u00bb d\u00e9signe toute information \u00e0 partir de laquelle une personne peut \u00eatre identifi\u00e9e directement ou indirectement. Par exemple, vous pouvez \u00eatre identifi\u00e9 par votre nom ou votre identifiant.<br \/>\nLes \u00ab cat\u00e9gories sp\u00e9ciales de donn\u00e9es personnelles\u00bb sont des donn\u00e9es personnelles plus sensibles et comprennent des informations r\u00e9v\u00e9lant l\u2019origine raciale ou ethnique, les opinions politiques, les croyances religieuses ou philosophiques, l\u2019appartenance syndicale, les donn\u00e9es g\u00e9n\u00e9tiques, les donn\u00e9es biom\u00e9triques aux fins d\u2019identification unique d\u2019une personne, les donn\u00e9es concernant la sant\u00e9 physique ou mentale ou les donn\u00e9es concernant la vie sexuelle ou l\u2019orientation sexuelle d\u2019une personne.<\/p>\n<h3>Donn\u00e9es personnelles que nous recueillons<\/h3>\n<p>Le type de donn\u00e9es personnelles que nous recueillons \u00e0 votre sujet d\u00e9pend de notre relation avec vous.<\/p>\n<p>Nous traitons toutes les informations que vous nous transmettez, soit par l\u2019interm\u00e9diaire de notre site Web <a href=\"https:\/\/www.rensep.org\/fr\/\">https:\/\/www.rensep.org\/<\/a> (\u00ab notre site \u00bb), soit en nous contactant via t\u00e9l\u00e9phone, e-mail ou autre. Cela comprend les renseignements que vous fournissez quand vous utilisez notre site, que vous vous inscrivez pour utiliser notre plateforme, que vous remplissez un formulaire en ligne ou d\u2019autres fonctions de r\u00e9seaux sociaux li\u00e9es \u00e0 notre site, ou quand vous signalez un probl\u00e8me sur notre site.<\/p>\n<p>Nous pouvons traiter les informations suivantes lorsque vous vous enregistrez pour acc\u00e9der \u00e0 l\u2019espace priv\u00e9 de notre site Web:<\/p>\n<ul>\n<li>Nom<\/li>\n<li>Date de naissance<\/li>\n<li>Genre<\/li>\n<li>Origine ethnique<\/li>\n<li>Adresse e-mail<\/li>\n<li>Num\u00e9ro de t\u00e9l\u00e9phone<\/li>\n<li>Autres coordonn\u00e9es<\/li>\n<li>Informations bancaires et de paiement<\/li>\n<li>Informations sur les \u00e9tudes secondaires<\/li>\n<li>Domaine d\u2019int\u00e9r\u00eat<\/li>\n<li>Photos<\/li>\n<li>Orientation sexuelle<\/li>\n<li>Toute information suppl\u00e9mentaire que vous choisissez de fournir pour nous parler de vous<\/li>\n<\/ul>\n<p>Nous pouvons traiter les informations suivantes suite \u00e0 une demande de renseignements en ligne :<\/p>\n<ul>\n<li>Nom<\/li>\n<li>Date de naissance<\/li>\n<li>Genre<\/li>\n<li>Origine ethnique<\/li>\n<li>Adresse e-mail<\/li>\n<li>Num\u00e9ro de t\u00e9l\u00e9phone<\/li>\n<\/ul>\n<p>Nous pouvons utiliser votre nom, adresse, adresse e-mail et num\u00e9ro de t\u00e9l\u00e9phone pour vous contacter au sujet de votre demande.<\/p>\n<h3>Comment nous recueillons vos donn\u00e9es personnelles<\/h3>\n<p>Nous recueillons la plupart de ces donn\u00e9es personnelles directement aupr\u00e8s de vous, en personne, par t\u00e9l\u00e9phone, SMS ou par e-mail et\/ou via notre site Web. Toutefois, nous pouvons \u00e9galement recueillir des informations :<\/p>\n<ul>\n<li>Via des sites web de r\u00e9seaux sociaux tiers comme LinkedIn.<\/li>\n<li>Via d\u2019autres personnes que vous connaissez et qui vous ont dirig\u00e9 vers nous.<\/li>\n<\/ul>\n<h3>Cookies<\/h3>\n<p>Nous utilisons des cookies sur notre site Web, cela nous aide \u00e0 vous offrir la meilleure exp\u00e9rience lorsque vous visitez notre site Web et cela nous permet \u00e9galement d\u2019am\u00e9liorer notre site Web et de comprendre comment vous interagissez avec nous.<\/p>\n<p>Pour des informations d\u00e9taill\u00e9es sur ces cookies, sur la fa\u00e7on dont nous les utilisons, sur vos droits et vos choix concernant les cookies, et sur les fins pour lesquelles nous les utilisons, veuillez consulter notre Politique en mati\u00e8re de cookies.<\/p>\n<h3>Fins pour lesquelles nous utilisons les donn\u00e9es personnelles et leurs bases l\u00e9gales<\/h3>\n<p>Nous n\u2019utiliserons vos donn\u00e9es personnelles que lorsque la loi le permet. Le plus souvent, nous utiliserons vos donn\u00e9es personnelles dans les circonstances suivantes:<\/p>\n<p>&nbsp;<\/p>\n<table width=\"0\">\n<tbody>\n<tr>\n<td width=\"317\"><strong>But du traitement<\/strong><\/td>\n<td width=\"317\"><strong>Base l\u00e9gale<\/strong><\/td>\n<\/tr>\n<tr>\n<td width=\"317\">&nbsp;<\/p>\n<p>Inscription des membres<\/td>\n<td width=\"317\">&nbsp;<\/p>\n<p>1. Ex\u00e9cution du contrat<\/p>\n<p>2. Consentement<\/td>\n<\/tr>\n<tr>\n<td width=\"317\">&nbsp;<\/p>\n<p>Pour nous aider \u00e0 vous fournir nos services<\/p>\n<p>&nbsp;<\/td>\n<td width=\"317\">&nbsp;<\/p>\n<p>1. Ex\u00e9cution du contrat<\/p>\n<p>2. Consentement<\/td>\n<\/tr>\n<tr>\n<td width=\"317\">&nbsp;<\/p>\n<p>Pour vous communiquer les d\u00e9tails des modifications apport\u00e9es aux services que vous recevez<\/p>\n<p>&nbsp;<\/td>\n<td width=\"317\">&nbsp;<\/p>\n<p>1. Ex\u00e9cution du contrat<\/p>\n<p>2. Consentement<\/td>\n<\/tr>\n<tr>\n<td width=\"317\">&nbsp;<\/p>\n<p>Pour l\u2019analyse commerciale, la recherche et les tests visant \u00e0 garantir l\u2019int\u00e9grit\u00e9 de nos syst\u00e8mes<\/p>\n<p>&nbsp;<\/td>\n<td width=\"317\">&nbsp;<\/p>\n<p>Il est dans notre int\u00e9r\u00eat l\u00e9gitime d\u2019analyser, de rechercher et de tester nos syst\u00e8mes pour assurer leur int\u00e9grit\u00e9<\/td>\n<\/tr>\n<tr>\n<td width=\"317\">&nbsp;<\/p>\n<p>Am\u00e9liorer notre site Web\/plateforme et l\u2019exp\u00e9rience globale des utilisateurs<\/td>\n<td width=\"317\">&nbsp;<\/p>\n<p>Il est dans notre int\u00e9r\u00eat l\u00e9gitime de permettre aux prestataires de solutions analytiques et de moteurs de recherche d\u2019am\u00e9liorer et d\u2019optimiser notre site Web<\/p>\n<p>&nbsp;<\/td>\n<\/tr>\n<tr>\n<td width=\"317\">&nbsp;<\/p>\n<p>Base de donn\u00e9es des membres RENSEP<\/p>\n<p>&nbsp;<\/td>\n<td width=\"317\">Il est dans notre int\u00e9r\u00eat l\u00e9gitime de g\u00e9rer la base de donn\u00e9es des membres<\/td>\n<\/tr>\n<tr>\n<td width=\"317\">Pour une utilisation dans notre recherche sur les pratiques \u00e9sot\u00e9riques<\/td>\n<td width=\"317\">Consentement<\/td>\n<\/tr>\n<tr>\n<td width=\"317\">&nbsp;<\/p>\n<p>Pour vous envoyer des newsletters et d\u2019autres documents promotionnels qui pourraient vous int\u00e9resser, \u00e0 moins que vous nous indiquiez ne pas vouloir les recevoir<\/p>\n<p>&nbsp;<\/td>\n<td width=\"317\">&nbsp;<\/p>\n<p>Consentement<\/td>\n<\/tr>\n<tr>\n<td width=\"317\">&nbsp;<\/p>\n<p>Pour nous conformer \u00e0 la loi, cela peut comprendre la divulgation de vos informations avec notre organisme de r\u00e9glementation<\/p>\n<p>&nbsp;<\/td>\n<td width=\"317\">&nbsp;<\/p>\n<p>Dans certaines circonstances, il se peut que nous ayons l&#8217;obligation l\u00e9gale de divulguer vos informations avec les autorit\u00e9s comp\u00e9tentes et\/ou les organismes de r\u00e9glementation<\/p>\n<p>&nbsp;<\/td>\n<\/tr>\n<tr>\n<td width=\"317\">&nbsp;<\/p>\n<p>&nbsp;<\/p>\n<p>R\u00e9pondre au courrier que vous nous envoyez<\/p>\n<p>&nbsp;<\/td>\n<td width=\"317\">&nbsp;<\/p>\n<p>Il est dans notre int\u00e9r\u00eat l\u00e9gitime de r\u00e9pondre aux demandes de renseignements faites par t\u00e9l\u00e9phone, par-mail, via nos r\u00e9seaux sociaux ou autre<\/p>\n<p>&nbsp;<\/td>\n<\/tr>\n<\/tbody>\n<\/table>\n<h3>Partage de vos donn\u00e9es personnelles<\/h3>\n<p>Nous pouvons \u00e9galement divulguer vos informations \u00e0 des tiers \u00e0 d\u2019autres fins \u00e9nonc\u00e9es dans la pr\u00e9sente politique. Ces tiers peuvent comprendre :<\/p>\n<ul>\n<li>Les partenaires commerciaux, fournisseurs et sous-traitants qui peuvent traiter des informations en notre nom<\/li>\n<li>Les universit\u00e9s, instituts de recherche et instituts d\u2019enseignement<\/li>\n<li>Les publicitaires, plateformes de r\u00e9seaux sociaux et r\u00e9seaux publicitaires<\/li>\n<li>Les prestataires de solutions analytiques et de moteurs de recherche<\/li>\n<li>Les fournisseurs de services informatiques<\/li>\n<\/ul>\n<p>Lorsque nous avons l\u2019obligation l\u00e9gale ou r\u00e9glementaire de le faire, nous pouvons divulguer vos coordonn\u00e9es \u00e0 la police, aux organismes de r\u00e9glementation ou aux conseillers juridiques, et\/ou, lorsque nous le jugeons n\u00e9cessaire pour prot\u00e9ger les droits, la propri\u00e9t\u00e9 ou la s\u00e9curit\u00e9 du RENSEP, de son personnel, de ses utilisateurs ou d\u2019autres personnes.<\/p>\n<h3>Transferts internationaux<\/h3>\n<p>Lorsque nous recueillons vos donn\u00e9es personnelles, elles peuvent \u00eatre trait\u00e9es en dehors du Royaume-Uni. C\u2019est parce que les organisations que nous utilisons pour vous fournir nos services sont situ\u00e9es dans d\u2019autres pays.<\/p>\n<p>Nous avons pris les mesures appropri\u00e9es pour nous assurer que lorsque des donn\u00e9es \u00e0 caract\u00e8re personnel sont trait\u00e9es en dehors du Royaume-Uni, elles b\u00e9n\u00e9ficient d\u2019un niveau de protection essentiellement \u00e9quivalent \u00e0 celui du Royaume-Uni. Pour ce faire, nous nous assurons que :<\/p>\n<ul>\n<li>Vos donn\u00e9es personnelles ne sont trait\u00e9es que dans un pays dont le Secr\u00e9taire d\u2019\u00c9tat a confirm\u00e9 qu\u2019il dispose d\u2019un niveau de protection ad\u00e9quat (une r\u00e9glementation sur l\u2019ad\u00e9quation); ou<\/li>\n<li>Nous concluons des accords internationaux de transfert de donn\u00e9es (IDTA) ou des clauses contractuelles types (SCC) (avec l\u2019addendum britannique) avec les organisations destinataires et nous veillons \u00e0 ce que des mesures suppl\u00e9mentaires soient \u00e9galement appliqu\u00e9es, le cas \u00e9ch\u00e9ant.<\/li>\n<\/ul>\n<p>Une copie de l\u2019IDTA est disponible ici : <a href=\"https:\/\/ico.org.uk\/media\/for-organisations\/documents\/4019538\/international-data-transfer-agreement.pdf\">international-data-transfer-agreement.pdf<\/a><\/p>\n<h3>Combien de temps nous conservons vos donn\u00e9es personnelles<\/h3>\n<p>Nous conserverons vos donn\u00e9es personnelles aussi longtemps que n\u00e9cessaire pour vous fournir nos services et pendant un d\u00e9lai raisonnable par la suite pour nous permettre de respecter nos obligations contractuelles et l\u00e9gales et de traiter les plaintes et r\u00e9clamations.<\/p>\n<p>\u00c0 la fin de la p\u00e9riode de conservation, vos donn\u00e9es personnelles seront supprim\u00e9es ou anonymis\u00e9es en toute s\u00e9curit\u00e9, par exemple par agr\u00e9gation avec d\u2019autres donn\u00e9es, afin qu\u2019elles puissent \u00eatre utilis\u00e9es de mani\u00e8re non identifiable pour l\u2019analyse statistique et la planification organisationnelle.<\/p>\n<h3>S\u00e9curit\u00e9 de vos donn\u00e9es personnelles<\/h3>\n<p>Nous avons mis en \u0153uvre des mesures techniques et organisationnelles appropri\u00e9es pour prot\u00e9ger vos donn\u00e9es personnelles contre toute destruction, perte ou modification accidentelle ou ill\u00e9gale et contre tout acc\u00e8s ou toute divulgation non autoris\u00e9e.<\/p>\n<p>En plus des mesures techniques et organisationnelles que nous avons mises en place, il y a un certain nombre de mesures simples que vous pouvez prendre pour mieux prot\u00e9ger vos informations personnelles, comme :<\/p>\n<ol>\n<li>Ne jamais partager un code \u00e0 usage unique (OTP).<\/li>\n<li>Ne jamais saisir vos coordonn\u00e9es apr\u00e8s avoir cliqu\u00e9 sur un lien dans un e-mail ou un SMS.<\/li>\n<li>Dans la mesure du possible, envoyer toujours des renseignements confidentiels par e-mail crypt\u00e9, pour minimiser tout risque d\u2019interception.<\/li>\n<li>Si vous \u00eates connect\u00e9 \u00e0 un service en ligne, ne pas laisser votre ordinateur sans surveillance.<\/li>\n<li>Fermer votre navigateur Internet quand vous vous d\u00e9connectez.<\/li>\n<li>Ne jamais t\u00e9l\u00e9charger de logiciel ou ne laisser personne se connecter \u00e0 votre ordinateur ou \u00e0 vos appareils \u00e0 distance, pendant ou apr\u00e8s un appel impromptu.<\/li>\n<\/ol>\n<p><u>Services s\u00e9curis\u00e9s en ligne<\/u><\/p>\n<p>Vous pouvez facilement identifier les sites Web s\u00e9curis\u00e9s en regardant l\u2019adresse dans le haut de votre navigateur, elle commencera par https:\/\/ et non http:\/\/.<\/p>\n<h3>Vos droits<\/h3>\n<p>Vous disposez de certains droits en ce qui concerne le traitement de vos donn\u00e9es personnelles, notamment de :<\/p>\n<ul>\n<li><strong>Demander l\u2019acc\u00e8s<\/strong> \u00e0 vos donn\u00e9es personnelles (plus couramment appel\u00e9 \u00ab demande d\u2019acc\u00e8s au sujet \u00bb). Cela vous permet de recevoir une copie des donn\u00e9es personnelles vous concernant.<\/li>\n<li><strong>Demander la rectification<\/strong> des donn\u00e9es \u00e0 caract\u00e8re personnel vous concernant. Cela vous permet de corriger toute information incompl\u00e8te ou inexacte vous concernant.<\/li>\n<li><strong>Demander la suppression<\/strong> de vos donn\u00e9es personnelles. Cela vous permet de nous demander de supprimer ou de retirer des donn\u00e9es personnelles lorsqu\u2019il n\u2019y a aucune raison valable pour que nous continuions \u00e0 les traiter. Vous avez \u00e9galement le droit de nous demander de supprimer ou de retirer vos donn\u00e9es personnelles lorsque vous avez exerc\u00e9 votre droit d\u2019opposition au traitement (voir ci-dessous).<\/li>\n<li><strong>Vous opposer au traitement<\/strong> de vos donn\u00e9es personnelles lorsque nous nous basons sur un int\u00e9r\u00eat l\u00e9gitime (ou ceux d\u2019un tiers) et qu\u2019il y a un \u00e9l\u00e9ment de votre situation personnelle qui vous donne envie de vous opposer au traitement pour ce motif. Si vous vous opposez \u00e0 ce que nous utilisions vos donn\u00e9es personnelles \u00e0 des fins de marketing, nous cesserons de vous envoyer des supports marketing.<\/li>\n<li><strong>Demander la restriction du traitement<\/strong> de vos donn\u00e9es personnelles. Cela vous permet de nous demander de suspendre le traitement de vos donn\u00e9es personnelles, par exemple si vous souhaitez \u00e9tablir leur exactitude ou la raison de leur traitement.<\/li>\n<li><strong>Demander le transfert<\/strong> de vos donn\u00e9es personnelles \u00e0 une autre partie (portabilit\u00e9 des donn\u00e9es).<\/li>\n<li><strong>Prise de d\u00e9cision automatis\u00e9e<\/strong>. Vous avez le droit de ne pas \u00eatre soumis \u00e0 une d\u00e9cision bas\u00e9e uniquement sur un traitement automatis\u00e9 qui vous affectera de mani\u00e8re significative. Nous n\u2019avons pas recours \u00e0 la prise de d\u00e9cision automatis\u00e9e.<\/li>\n<\/ul>\n<p><u>Droit de retirer votre consentement<\/u><\/p>\n<p>Dans certaines situations pr\u00e9cises o\u00f9 vous avez fourni votre consentement au traitement de vos donn\u00e9es personnelles \u00e0 une fin sp\u00e9cifique, vous avez le droit de retirer votre consentement pour ce traitement sp\u00e9cifique \u00e0 tout moment. Une fois que nous aurons re\u00e7u votre d\u00e9claration de r\u00e9vocation de consentement, nous ne traiterons plus vos renseignements aux fins convenues initialement, \u00e0 moins que la loi ne nous y autorise.<\/p>\n<p><u>Comment exercer vos droits<\/u><\/p>\n<p>Vous n\u2019aurez g\u00e9n\u00e9ralement pas \u00e0 payer de frais pour acc\u00e9der \u00e0 vos donn\u00e9es personnelles (ou pour l\u2019exercice de tout autre droit). Toutefois, nous pouvons facturer des frais modiques si votre demande d\u2019acc\u00e8s est manifestement infond\u00e9e ou clairement abusive. Dans un tel cas, nous pouvons \u00e9galement refuser de donner suite \u00e0 votre requ\u00eate. Si vous souhaitez exercer vos droits, veuillez nous contacter \u00e0 dataprivacy@rensep.org.<\/p>\n<h3>Comment d\u00e9poser une r\u00e9clamation<\/h3>\n<p>Vous avez le droit de d\u00e9poser une r\u00e9clamation aupr\u00e8s de l\u2019autorit\u00e9 de contr\u00f4le, si vous pensez que nous enfreignons les lois sur la protection des donn\u00e9es du Royaume-Uni, ou si la fa\u00e7on dont nous traitons vos donn\u00e9es personnelles vous inqui\u00e8te. L\u2019autorit\u00e9 de contr\u00f4le au Royaume-Uni est l\u2019 Information Commissioner\u2019s Office (ICO), qui peut \u00eatre contact\u00e9 en ligne \u00e0 l\u2019adresse suivante :<\/p>\n<ul>\n<li><a href=\"https:\/\/ico.org.uk\/global\/contact-us\/\">Nous contacter | ICO<\/a><\/li>\n<li>Ou par t\u00e9l\u00e9phone au 0303 123 1113<\/li>\n<\/ul>\n<h3>Comment nous contacter<\/h3>\n<p>Si vous avez des questions au sujet de la Politique de confidentialit\u00e9 RENSEP, des donn\u00e9es vous concernant ou si vous souhaitez exercer l\u2019un de vos droits de protection des donn\u00e9es, n\u2019h\u00e9sitez pas \u00e0 nous contacter.<\/p>\n<p>Envoyez-nous un e-mail \u00e0 : dataprivacy@rensep.org<br \/>\nAppelez-nous : 0031 623 44 03 21<br \/>\nOu \u00e9crivez-nous \u00e0 : RENSEP, 7 Wilson Park, M40 8WN, Manchester.<\/p>\n<p><strong>Modifications apport\u00e9es au pr\u00e9sent avis de confidentialit\u00e9<\/strong><\/p>\n<p>A l\u2019occasion, nous pouvons \u00eatre amen\u00e9s \u00e0 mettre \u00e0 jour cet avis (et tout avis de confidentialit\u00e9 suppl\u00e9mentaire), comme illustr\u00e9 ci-dessous. Nous vous informerons des modifications lorsque la loi l\u2019exige.<br \/>\nDerni\u00e8re modification le 06\/02\/2023<\/p>\n","protected":false},"excerpt":{"rendered":"<p>Avis de confidentialit\u00e9 externe Derni\u00e8re mise \u00e0 jour : 06\/02\/2023 Introduction Le Research Network for the Study of Esoteric Practices (R\u00e9seau de recherche pour l\u2019\u00e9tude&hellip;<\/p>\n","protected":false},"author":176,"featured_media":0,"parent":0,"menu_order":0,"comment_status":"closed","ping_status":"open","template":"","meta":{"pmpro_default_level":0,"footnotes":"","hide_for_non_member":false},"yoast_head":"<!-- This site is optimized with the Yoast SEO plugin v22.1 - https:\/\/yoast.com\/wordpress\/plugins\/seo\/ -->\n<title>Avis de confidentialit\u00e9 - Research Network for the Study of Esoteric Practices<\/title>\n<meta name=\"robots\" content=\"index, follow, max-snippet:-1, max-image-preview:large, max-video-preview:-1\" \/>\n<link rel=\"canonical\" href=\"https:\/\/www.rensep.org\/fr\/avis-de-confidentialite\/\" \/>\n<meta property=\"og:locale\" content=\"fr_FR\" \/>\n<meta property=\"og:type\" content=\"article\" \/>\n<meta property=\"og:title\" content=\"Avis de confidentialit\u00e9 - Research Network for the Study of Esoteric Practices\" \/>\n<meta property=\"og:description\" content=\"Avis de confidentialit\u00e9 externe Derni\u00e8re mise \u00e0 jour : 06\/02\/2023 Introduction Le Research Network for the Study of Esoteric Practices (R\u00e9seau de recherche pour l\u2019\u00e9tude&hellip;\" \/>\n<meta property=\"og:url\" content=\"https:\/\/www.rensep.org\/fr\/avis-de-confidentialite\/\" \/>\n<meta property=\"og:site_name\" content=\"Research Network for the Study of Esoteric Practices\" \/>\n<meta property=\"article:modified_time\" content=\"2025-05-24T16:31:36+00:00\" \/>\n<meta name=\"twitter:card\" content=\"summary_large_image\" \/>\n<meta name=\"twitter:label1\" content=\"Dur\u00e9e de lecture estim\u00e9e\" \/>\n\t<meta name=\"twitter:data1\" content=\"10 minutes\" \/>\n<script type=\"application\/ld+json\" class=\"yoast-schema-graph\">{\"@context\":\"https:\/\/schema.org\",\"@graph\":[{\"@type\":\"WebPage\",\"@id\":\"https:\/\/www.rensep.org\/fr\/avis-de-confidentialite\/\",\"url\":\"https:\/\/www.rensep.org\/fr\/avis-de-confidentialite\/\",\"name\":\"Avis de confidentialit\u00e9 - Research Network for the Study of Esoteric Practices\",\"isPartOf\":{\"@id\":\"https:\/\/www.rensep.org\/fr\/#website\"},\"datePublished\":\"2020-09-22T08:33:10+00:00\",\"dateModified\":\"2025-05-24T16:31:36+00:00\",\"breadcrumb\":{\"@id\":\"https:\/\/www.rensep.org\/fr\/avis-de-confidentialite\/#breadcrumb\"},\"inLanguage\":\"fr-FR\",\"potentialAction\":[{\"@type\":\"ReadAction\",\"target\":[\"https:\/\/www.rensep.org\/fr\/avis-de-confidentialite\/\"]}]},{\"@type\":\"BreadcrumbList\",\"@id\":\"https:\/\/www.rensep.org\/fr\/avis-de-confidentialite\/#breadcrumb\",\"itemListElement\":[{\"@type\":\"ListItem\",\"position\":1,\"name\":\"Home\",\"item\":\"https:\/\/www.rensep.org\/fr\/\"},{\"@type\":\"ListItem\",\"position\":2,\"name\":\"Avis de confidentialit\u00e9\"}]},{\"@type\":\"WebSite\",\"@id\":\"https:\/\/www.rensep.org\/fr\/#website\",\"url\":\"https:\/\/www.rensep.org\/fr\/\",\"name\":\"Research Network for the Study of Esoteric Practices\",\"description\":\"\",\"potentialAction\":[{\"@type\":\"SearchAction\",\"target\":{\"@type\":\"EntryPoint\",\"urlTemplate\":\"https:\/\/www.rensep.org\/fr\/?s={search_term_string}\"},\"query-input\":\"required name=search_term_string\"}],\"inLanguage\":\"fr-FR\"}]}<\/script>\n<!-- \/ Yoast SEO plugin. -->","yoast_head_json":{"title":"Avis de confidentialit\u00e9 - Research Network for the Study of Esoteric Practices","robots":{"index":"index","follow":"follow","max-snippet":"max-snippet:-1","max-image-preview":"max-image-preview:large","max-video-preview":"max-video-preview:-1"},"canonical":"https:\/\/www.rensep.org\/fr\/avis-de-confidentialite\/","og_locale":"fr_FR","og_type":"article","og_title":"Avis de confidentialit\u00e9 - Research Network for the Study of Esoteric Practices","og_description":"Avis de confidentialit\u00e9 externe Derni\u00e8re mise \u00e0 jour : 06\/02\/2023 Introduction Le Research Network for the Study of Esoteric Practices (R\u00e9seau de recherche pour l\u2019\u00e9tude&hellip;","og_url":"https:\/\/www.rensep.org\/fr\/avis-de-confidentialite\/","og_site_name":"Research Network for the Study of Esoteric Practices","article_modified_time":"2025-05-24T16:31:36+00:00","twitter_card":"summary_large_image","twitter_misc":{"Dur\u00e9e de lecture estim\u00e9e":"10 minutes"},"schema":{"@context":"https:\/\/schema.org","@graph":[{"@type":"WebPage","@id":"https:\/\/www.rensep.org\/fr\/avis-de-confidentialite\/","url":"https:\/\/www.rensep.org\/fr\/avis-de-confidentialite\/","name":"Avis de confidentialit\u00e9 - Research Network for the Study of Esoteric Practices","isPartOf":{"@id":"https:\/\/www.rensep.org\/fr\/#website"},"datePublished":"2020-09-22T08:33:10+00:00","dateModified":"2025-05-24T16:31:36+00:00","breadcrumb":{"@id":"https:\/\/www.rensep.org\/fr\/avis-de-confidentialite\/#breadcrumb"},"inLanguage":"fr-FR","potentialAction":[{"@type":"ReadAction","target":["https:\/\/www.rensep.org\/fr\/avis-de-confidentialite\/"]}]},{"@type":"BreadcrumbList","@id":"https:\/\/www.rensep.org\/fr\/avis-de-confidentialite\/#breadcrumb","itemListElement":[{"@type":"ListItem","position":1,"name":"Home","item":"https:\/\/www.rensep.org\/fr\/"},{"@type":"ListItem","position":2,"name":"Avis de confidentialit\u00e9"}]},{"@type":"WebSite","@id":"https:\/\/www.rensep.org\/fr\/#website","url":"https:\/\/www.rensep.org\/fr\/","name":"Research Network for the Study of Esoteric Practices","description":"","potentialAction":[{"@type":"SearchAction","target":{"@type":"EntryPoint","urlTemplate":"https:\/\/www.rensep.org\/fr\/?s={search_term_string}"},"query-input":"required name=search_term_string"}],"inLanguage":"fr-FR"}]}},"_links":{"self":[{"href":"https:\/\/www.rensep.org\/fr\/wp-json\/wp\/v2\/pages\/3615"}],"collection":[{"href":"https:\/\/www.rensep.org\/fr\/wp-json\/wp\/v2\/pages"}],"about":[{"href":"https:\/\/www.rensep.org\/fr\/wp-json\/wp\/v2\/types\/page"}],"author":[{"embeddable":true,"href":"https:\/\/www.rensep.org\/fr\/wp-json\/wp\/v2\/users\/176"}],"replies":[{"embeddable":true,"href":"https:\/\/www.rensep.org\/fr\/wp-json\/wp\/v2\/comments?post=3615"}],"version-history":[{"count":2,"href":"https:\/\/www.rensep.org\/fr\/wp-json\/wp\/v2\/pages\/3615\/revisions"}],"predecessor-version":[{"id":10771,"href":"https:\/\/www.rensep.org\/fr\/wp-json\/wp\/v2\/pages\/3615\/revisions\/10771"}],"wp:attachment":[{"href":"https:\/\/www.rensep.org\/fr\/wp-json\/wp\/v2\/media?parent=3615"}],"curies":[{"name":"wp","href":"https:\/\/api.w.org\/{rel}","templated":true}]}}