{"id":3588,"date":"2022-09-21T13:28:55","date_gmt":"2022-09-21T12:28:55","guid":{"rendered":"https:\/\/www.rensep.org\/database\/"},"modified":"2023-08-02T13:48:25","modified_gmt":"2023-08-02T12:48:25","slug":"database","status":"publish","type":"page","link":"https:\/\/www.rensep.org\/fr\/database\/","title":{"rendered":"Base de donn\u00e9es"},"content":{"rendered":"<p>[vc_row][vc_column][vc_column_text]<span lang=\"EN-GB\">La cr\u00e9ation d\u2019une base de donn\u00e9es est l\u2019une des t\u00e2ches cl\u00e9s du RENSEP et l\u2019une des uniques contributions \u00e0 l\u2019\u00e9tude des pratiques \u00e9sot\u00e9riques. Le RENSEP adopte une triple approche en mati\u00e8re de bases de donn\u00e9es : Premi\u00e8rement, le RENSEP souhaite faciliter la recherche historique sur les pratiques \u00e9sot\u00e9riques en cr\u00e9ant une sous-section &#8220;base de donn\u00e9es historique&#8221; en constante croissance sur sa plateforme en ligne. <\/span><\/p>\n<p><span lang=\"EN-GB\">Cette sous-section r\u00e9pertorie toutes les archives en ligne et bases de donn\u00e9es de manuscrits et d\u2019autres sources li\u00e9es, par exemple, \u00e0 l\u2019histoire de la magie occidentale, mais aussi \u00e0 de nombreuses autres pratiques \u00e9sot\u00e9riques. Deuxi\u00e8mement, le RENSEP souhaite cr\u00e9er une \u00ab base de donn\u00e9es de praticiens \u00bb toujours croissante. <\/span><span lang=\"EN-GB\">Les membres peuvent t\u00e9l\u00e9charger des rapports d\u2019exp\u00e9rience, des scripts de rituels, des extraits de journaux magiques, des r\u00e9ponses \u00e0 des sondages, des m\u00e9dias visuels, du mat\u00e9riel de recherche (comme des vid\u00e9os de terrain ou des pratiques particuli\u00e8res), ou tout autre mat\u00e9riel en rapport avec l\u2019\u00e9tude des pratiques \u00e9sot\u00e9riques. <\/span><\/p>\n<p><span lang=\"EN-GB\">Ces donn\u00e9es peuvent \u00eatre t\u00e9l\u00e9charg\u00e9es anonymement et mises \u00e0 la disposition de tous les membres du r\u00e9seau dans l\u2019espace priv\u00e9 de la plateforme en ligne, et elles sont prot\u00e9g\u00e9es par des politiques et proc\u00e9dures rigoureuses du RGPD. <\/span><\/p>\n<p><span lang=\"EN-GB\">Les contributeurs peuvent choisir de conserver le droit d\u2019auteur pour les donn\u00e9es qu\u2019ils soumettent.<\/span> Troisi\u00e8mement, <span lang=\"EN-GB\">le RENSEP entend financer des projets de transcription et de num\u00e9risation pertinents de manuscrits non \u00e9dit\u00e9s qui d\u00e9crivent les pratiques \u00e9sot\u00e9riques, et soutenir le travail d&#8217;\u00e9dition et les publications associ\u00e9es.<\/span>[\/vc_column_text][\/vc_column][\/vc_row]<\/p>\n","protected":false},"excerpt":{"rendered":"<p>[vc_row][vc_column][vc_column_text]La cr\u00e9ation d\u2019une base de donn\u00e9es est l\u2019une des t\u00e2ches cl\u00e9s du RENSEP et l\u2019une des uniques contributions \u00e0 l\u2019\u00e9tude des pratiques \u00e9sot\u00e9riques. Le RENSEP&hellip;<\/p>\n","protected":false},"author":176,"featured_media":0,"parent":0,"menu_order":0,"comment_status":"closed","ping_status":"closed","template":"","meta":{"pmpro_default_level":0,"footnotes":"","hide_for_non_member":false},"yoast_head":"<!-- This site is optimized with the Yoast SEO plugin v22.1 - https:\/\/yoast.com\/wordpress\/plugins\/seo\/ -->\n<title>Base de donn\u00e9es - Research Network for the Study of Esoteric Practices<\/title>\n<meta name=\"robots\" content=\"index, follow, max-snippet:-1, max-image-preview:large, max-video-preview:-1\" \/>\n<link rel=\"canonical\" href=\"https:\/\/www.rensep.org\/fr\/database\/\" \/>\n<meta property=\"og:locale\" content=\"fr_FR\" \/>\n<meta property=\"og:type\" content=\"article\" \/>\n<meta property=\"og:title\" content=\"Base de donn\u00e9es - Research Network for the Study of Esoteric Practices\" \/>\n<meta property=\"og:description\" content=\"[vc_row][vc_column][vc_column_text]La cr\u00e9ation d\u2019une base de donn\u00e9es est l\u2019une des t\u00e2ches cl\u00e9s du RENSEP et l\u2019une des uniques contributions \u00e0 l\u2019\u00e9tude des pratiques \u00e9sot\u00e9riques. Le RENSEP&hellip;\" \/>\n<meta property=\"og:url\" content=\"https:\/\/www.rensep.org\/fr\/database\/\" \/>\n<meta property=\"og:site_name\" content=\"Research Network for the Study of Esoteric Practices\" \/>\n<meta property=\"article:modified_time\" content=\"2023-08-02T12:48:25+00:00\" \/>\n<meta name=\"twitter:card\" content=\"summary_large_image\" \/>\n<meta name=\"twitter:label1\" content=\"Dur\u00e9e de lecture estim\u00e9e\" \/>\n\t<meta name=\"twitter:data1\" content=\"2 minutes\" \/>\n<script type=\"application\/ld+json\" class=\"yoast-schema-graph\">{\"@context\":\"https:\/\/schema.org\",\"@graph\":[{\"@type\":\"WebPage\",\"@id\":\"https:\/\/www.rensep.org\/fr\/database\/\",\"url\":\"https:\/\/www.rensep.org\/fr\/database\/\",\"name\":\"Base de donn\u00e9es - Research Network for the Study of Esoteric Practices\",\"isPartOf\":{\"@id\":\"https:\/\/www.rensep.org\/fr\/#website\"},\"datePublished\":\"2022-09-21T12:28:55+00:00\",\"dateModified\":\"2023-08-02T12:48:25+00:00\",\"breadcrumb\":{\"@id\":\"https:\/\/www.rensep.org\/fr\/database\/#breadcrumb\"},\"inLanguage\":\"fr-FR\",\"potentialAction\":[{\"@type\":\"ReadAction\",\"target\":[\"https:\/\/www.rensep.org\/fr\/database\/\"]}]},{\"@type\":\"BreadcrumbList\",\"@id\":\"https:\/\/www.rensep.org\/fr\/database\/#breadcrumb\",\"itemListElement\":[{\"@type\":\"ListItem\",\"position\":1,\"name\":\"Home\",\"item\":\"https:\/\/www.rensep.org\/fr\/\"},{\"@type\":\"ListItem\",\"position\":2,\"name\":\"Base de donn\u00e9es\"}]},{\"@type\":\"WebSite\",\"@id\":\"https:\/\/www.rensep.org\/fr\/#website\",\"url\":\"https:\/\/www.rensep.org\/fr\/\",\"name\":\"Research Network for the Study of Esoteric Practices\",\"description\":\"\",\"potentialAction\":[{\"@type\":\"SearchAction\",\"target\":{\"@type\":\"EntryPoint\",\"urlTemplate\":\"https:\/\/www.rensep.org\/fr\/?s={search_term_string}\"},\"query-input\":\"required name=search_term_string\"}],\"inLanguage\":\"fr-FR\"}]}<\/script>\n<!-- \/ Yoast SEO plugin. -->","yoast_head_json":{"title":"Base de donn\u00e9es - Research Network for the Study of Esoteric Practices","robots":{"index":"index","follow":"follow","max-snippet":"max-snippet:-1","max-image-preview":"max-image-preview:large","max-video-preview":"max-video-preview:-1"},"canonical":"https:\/\/www.rensep.org\/fr\/database\/","og_locale":"fr_FR","og_type":"article","og_title":"Base de donn\u00e9es - Research Network for the Study of Esoteric Practices","og_description":"[vc_row][vc_column][vc_column_text]La cr\u00e9ation d\u2019une base de donn\u00e9es est l\u2019une des t\u00e2ches cl\u00e9s du RENSEP et l\u2019une des uniques contributions \u00e0 l\u2019\u00e9tude des pratiques \u00e9sot\u00e9riques. Le RENSEP&hellip;","og_url":"https:\/\/www.rensep.org\/fr\/database\/","og_site_name":"Research Network for the Study of Esoteric Practices","article_modified_time":"2023-08-02T12:48:25+00:00","twitter_card":"summary_large_image","twitter_misc":{"Dur\u00e9e de lecture estim\u00e9e":"2 minutes"},"schema":{"@context":"https:\/\/schema.org","@graph":[{"@type":"WebPage","@id":"https:\/\/www.rensep.org\/fr\/database\/","url":"https:\/\/www.rensep.org\/fr\/database\/","name":"Base de donn\u00e9es - Research Network for the Study of Esoteric Practices","isPartOf":{"@id":"https:\/\/www.rensep.org\/fr\/#website"},"datePublished":"2022-09-21T12:28:55+00:00","dateModified":"2023-08-02T12:48:25+00:00","breadcrumb":{"@id":"https:\/\/www.rensep.org\/fr\/database\/#breadcrumb"},"inLanguage":"fr-FR","potentialAction":[{"@type":"ReadAction","target":["https:\/\/www.rensep.org\/fr\/database\/"]}]},{"@type":"BreadcrumbList","@id":"https:\/\/www.rensep.org\/fr\/database\/#breadcrumb","itemListElement":[{"@type":"ListItem","position":1,"name":"Home","item":"https:\/\/www.rensep.org\/fr\/"},{"@type":"ListItem","position":2,"name":"Base de donn\u00e9es"}]},{"@type":"WebSite","@id":"https:\/\/www.rensep.org\/fr\/#website","url":"https:\/\/www.rensep.org\/fr\/","name":"Research Network for the Study of Esoteric Practices","description":"","potentialAction":[{"@type":"SearchAction","target":{"@type":"EntryPoint","urlTemplate":"https:\/\/www.rensep.org\/fr\/?s={search_term_string}"},"query-input":"required name=search_term_string"}],"inLanguage":"fr-FR"}]}},"_links":{"self":[{"href":"https:\/\/www.rensep.org\/fr\/wp-json\/wp\/v2\/pages\/3588"}],"collection":[{"href":"https:\/\/www.rensep.org\/fr\/wp-json\/wp\/v2\/pages"}],"about":[{"href":"https:\/\/www.rensep.org\/fr\/wp-json\/wp\/v2\/types\/page"}],"author":[{"embeddable":true,"href":"https:\/\/www.rensep.org\/fr\/wp-json\/wp\/v2\/users\/176"}],"replies":[{"embeddable":true,"href":"https:\/\/www.rensep.org\/fr\/wp-json\/wp\/v2\/comments?post=3588"}],"version-history":[{"count":10,"href":"https:\/\/www.rensep.org\/fr\/wp-json\/wp\/v2\/pages\/3588\/revisions"}],"predecessor-version":[{"id":4976,"href":"https:\/\/www.rensep.org\/fr\/wp-json\/wp\/v2\/pages\/3588\/revisions\/4976"}],"wp:attachment":[{"href":"https:\/\/www.rensep.org\/fr\/wp-json\/wp\/v2\/media?parent=3588"}],"curies":[{"name":"wp","href":"https:\/\/api.w.org\/{rel}","templated":true}]}}