{"id":3566,"date":"2022-09-21T13:25:50","date_gmt":"2022-09-21T12:25:50","guid":{"rendered":"https:\/\/www.rensep.org\/a-propos-de\/notre-mission\/"},"modified":"2023-06-21T13:41:58","modified_gmt":"2023-06-21T12:41:58","slug":"notre-mission","status":"publish","type":"page","link":"https:\/\/www.rensep.org\/fr\/a-propos-de\/notre-mission\/","title":{"rendered":"Notre mission"},"content":{"rendered":"<p>[vc_row][vc_column][vc_column_text]RENSEP (Research Network for the Study of Esoteric Practices) est une association sans personnalit\u00e9 juridique dont la mission est de promouvoir et de faire progresser l&#8217;\u00e9tude interdisciplinaire et comparative des pratiques \u00e9sot\u00e9riques dans une perspective globale. L\u2019ambition du RENSEP est d\u2019organiser et de structurer un environnement intellectuel et m\u00e9thodologique stimulant permettant aux chercheurs de diff\u00e9rents horizons et disciplines de se rencontrer et d\u2019\u00e9changer leurs analyses et interpr\u00e9tations des pratiques \u00e9sot\u00e9riques \u00e0 partir d\u2019une perspective r\u00e9fl\u00e9chie, fond\u00e9e sur des donn\u00e9es, non id\u00e9ologique et apolitique. L&#8217;approche unique du RENSEP est de fournir un espace cognitif et interactionnel partag\u00e9 &#8211; le site Web du RENSEP &#8211; qui transcende les fronti\u00e8res acad\u00e9miques traditionnelles en soutenant la participation et la rencontre des universitaires et des praticiens des pratiques \u00e9sot\u00e9riques.<\/p>\n<p>Le RENSEP est conscient que nous vivons dans un moment historique de tensions politiques et \u00e9pist\u00e9mologiques, et que les pratiques \u00e9sot\u00e9riques peuvent \u00eatre instrumentalis\u00e9es et politis\u00e9es de diverses fa\u00e7ons. Il faut prendre pour acquis que la recherche sur les pratiques des mouvements \u00e9sot\u00e9riques, qu\u2019ils soient de droite ou de gauche, et qui est absolument n\u00e9cessaire du point de vue acad\u00e9mique, ne l\u00e9gitime pas ces mouvements. Les chercheurs qui \u00e9tudient ces mouvements ne devraient pas non plus \u00eatre soup\u00e7onn\u00e9s \u2013 par rh\u00e9torique de \u00ab culpabilit\u00e9 par association \u00bb ou de \u00ab culpabilit\u00e9 par contact \u00bb \u2013 de partager automatiquement leurs id\u00e9ologies. Le RENSEP est un r\u00e9seau de recherche politiquement neutre, c\u2019est pourquoi il prendra toutes les mesures n\u00e9cessaires pour s\u2019assurer que sa plateforme en ligne ne soit pas utilis\u00e9e ou d\u00e9tourn\u00e9e \u00e0 des fins politiques.<\/p>\n<p>Le RENSEP dispose d\u2019un budget annuel limit\u00e9 pour promouvoir l\u2019\u00e9tude des pratiques \u00e9sot\u00e9riques au-del\u00e0 des canaux \u00e9tablis de financement universitaire. Toutes les demandes de fonds sont examin\u00e9es par le comit\u00e9 scientifique du RENSEP.<\/p>\n<p>Le RENSEP est une association non-enregistr\u00e9e bas\u00e9e au Royaume-Uni. Le RENSEP est financ\u00e9 par des dons priv\u00e9s ainsi que par les cotisations de ses membres affili\u00e9s.<\/p>\n<p>Le travail du RENSEP est guid\u00e9 par les principes suivants:<\/p>\n<p><strong>Perspective globale<\/strong> | Le RENSEP souhaite transcender les perspectives occidentales et s\u2019int\u00e9resse \u00e0 l\u2019\u00e9tude et \u00e0 la comparaison des pratiques \u00e9sot\u00e9riques de multiples environnements culturels et religieux.<\/p>\n<p><strong>Interdisciplinarit\u00e9<\/strong> | Le RENSEP souhaite cr\u00e9er un environnement de recherche dans lequel les m\u00e9thodes et les perspectives de plusieurs disciplines s&#8217;inspirent et s&#8217;enrichissent mutuellement (notamment l&#8217;anthropologie, la psychologie, l&#8217;histoire, la philologie, la sociologie, l&#8217;\u00e9tude cognitive de la religion, les neurosciences, les \u00e9tudes r\u00e9gionales).<\/p>\n<p><strong>La prax\u00e9ologie<\/strong> | RENSEP entend se concentrer sur l&#8217;\u00e9tude des pratiques, des exp\u00e9riences pratiques et de la praxis\/connaissance, tandis que les dogmes, les th\u00e9ories et les visions du monde sont rel\u00e9gu\u00e9s au second plan.<\/p>\n<p><strong>Ind\u00e9pendance<\/strong> | Le RENSEP souhaite promouvoir et \u00e9tablir une \u00e9tude des pratiques \u00e9sot\u00e9riques qui soit vraiment interrogatrice, neutre, ouverte, non religieuse, non-essentialiste, apolitique et non id\u00e9ologique, en respectant les normes acad\u00e9miques les plus rigoureuses.<\/p>\n<p><strong>Efficacit\u00e9<\/strong> | Le RENSEP s&#8217;int\u00e9resse \u00e0 la comparaison de pratiques \u00e9sot\u00e9riques provenant de divers horizons afin de d\u00e9terminer les principes sous-jacents qui sous-tendent les exp\u00e9riences d&#8217;\u00e9vidence et d&#8217;efficacit\u00e9, au-del\u00e0 des cadres et des id\u00e9ologies culturels ou traditionnels.<\/p>\n<p><strong>D\u00e9passer les fronti\u00e8res<\/strong> | Le RENSEP souhaite franchir les fronti\u00e8res acad\u00e9miques traditionnelles entre le chercheur et le sujet de recherche en cr\u00e9ant des \u00ab collaborations strat\u00e9giques \u00bb entre les chercheurs et les praticiens, cr\u00e9ant ainsi un r\u00e9seau mondial unique dans lequel les deux perspectives peuvent se compl\u00e9ter et s\u2019inspirer mutuellement.<\/p>\n<p><strong>Bases de donn\u00e9es<\/strong> | Le RENSEP s&#8217;int\u00e9resse de pr\u00e8s \u00e0 la cr\u00e9ation de bases de donn\u00e9es &#8211; de scripts rituels, de journaux rituels, de rapports d&#8217;exp\u00e9rience, etc. &#8211; qui peuvent faciliter l\u2019\u00e9tude et l\u2019analyse des pratiques \u00e9sot\u00e9riques aussi bien pour les chercheurs que les praticiens.<\/p>\n<p><strong>Financement<\/strong> | Le RENSEP finance des projets d\u2019\u00e9tude des pratiques \u00e9sot\u00e9riques, par exemple pour les questionnaires et autres formes de collecte de donn\u00e9es, pour la cr\u00e9ation de bases de donn\u00e9es, pour l\u2019organisation de conf\u00e9rences et d\u2019ateliers, pour l\u2019attribution de bourses \u00e0 court terme (voyages par exemple) ainsi que pour les bourses de doctorat \u00e0 long-terme, pour soutenir des initiatives connexes au r\u00e9seaux de recherche ou pour financer des projets de publication pertinents.[\/vc_column_text][\/vc_column][\/vc_row]<\/p>\n","protected":false},"excerpt":{"rendered":"<p>[vc_row][vc_column][vc_column_text]RENSEP (Research Network for the Study of Esoteric Practices) est une association sans personnalit\u00e9 juridique dont la mission est de promouvoir et de faire progresser&hellip;<\/p>\n","protected":false},"author":176,"featured_media":0,"parent":3557,"menu_order":0,"comment_status":"closed","ping_status":"closed","template":"","meta":{"pmpro_default_level":0,"footnotes":"","hide_for_non_member":false},"yoast_head":"<!-- This site is optimized with the Yoast SEO plugin v22.1 - https:\/\/yoast.com\/wordpress\/plugins\/seo\/ -->\n<title>Notre mission - Research Network for the Study of Esoteric Practices<\/title>\n<meta name=\"robots\" content=\"index, follow, max-snippet:-1, max-image-preview:large, max-video-preview:-1\" \/>\n<link rel=\"canonical\" href=\"https:\/\/www.rensep.org\/fr\/a-propos-de\/notre-mission\/\" \/>\n<meta property=\"og:locale\" content=\"fr_FR\" \/>\n<meta property=\"og:type\" content=\"article\" \/>\n<meta property=\"og:title\" content=\"Notre mission - Research Network for the Study of Esoteric Practices\" \/>\n<meta property=\"og:description\" content=\"[vc_row][vc_column][vc_column_text]RENSEP (Research Network for the Study of Esoteric Practices) est une association sans personnalit\u00e9 juridique dont la mission est de promouvoir et de faire progresser&hellip;\" \/>\n<meta property=\"og:url\" content=\"https:\/\/www.rensep.org\/fr\/a-propos-de\/notre-mission\/\" \/>\n<meta property=\"og:site_name\" content=\"Research Network for the Study of Esoteric Practices\" \/>\n<meta property=\"article:modified_time\" content=\"2023-06-21T12:41:58+00:00\" \/>\n<meta name=\"twitter:card\" content=\"summary_large_image\" \/>\n<meta name=\"twitter:label1\" content=\"Dur\u00e9e de lecture estim\u00e9e\" \/>\n\t<meta name=\"twitter:data1\" content=\"3 minutes\" \/>\n<script type=\"application\/ld+json\" class=\"yoast-schema-graph\">{\"@context\":\"https:\/\/schema.org\",\"@graph\":[{\"@type\":\"WebPage\",\"@id\":\"https:\/\/www.rensep.org\/fr\/a-propos-de\/notre-mission\/\",\"url\":\"https:\/\/www.rensep.org\/fr\/a-propos-de\/notre-mission\/\",\"name\":\"Notre mission - Research Network for the Study of Esoteric Practices\",\"isPartOf\":{\"@id\":\"https:\/\/www.rensep.org\/fr\/#website\"},\"datePublished\":\"2022-09-21T12:25:50+00:00\",\"dateModified\":\"2023-06-21T12:41:58+00:00\",\"breadcrumb\":{\"@id\":\"https:\/\/www.rensep.org\/fr\/a-propos-de\/notre-mission\/#breadcrumb\"},\"inLanguage\":\"fr-FR\",\"potentialAction\":[{\"@type\":\"ReadAction\",\"target\":[\"https:\/\/www.rensep.org\/fr\/a-propos-de\/notre-mission\/\"]}]},{\"@type\":\"BreadcrumbList\",\"@id\":\"https:\/\/www.rensep.org\/fr\/a-propos-de\/notre-mission\/#breadcrumb\",\"itemListElement\":[{\"@type\":\"ListItem\",\"position\":1,\"name\":\"Home\",\"item\":\"https:\/\/www.rensep.org\/fr\/\"},{\"@type\":\"ListItem\",\"position\":2,\"name\":\"\u00c0 propos de\",\"item\":\"https:\/\/www.rensep.org\/fr\/a-propos-de\/\"},{\"@type\":\"ListItem\",\"position\":3,\"name\":\"Notre mission\"}]},{\"@type\":\"WebSite\",\"@id\":\"https:\/\/www.rensep.org\/fr\/#website\",\"url\":\"https:\/\/www.rensep.org\/fr\/\",\"name\":\"Research Network for the Study of Esoteric Practices\",\"description\":\"\",\"potentialAction\":[{\"@type\":\"SearchAction\",\"target\":{\"@type\":\"EntryPoint\",\"urlTemplate\":\"https:\/\/www.rensep.org\/fr\/?s={search_term_string}\"},\"query-input\":\"required name=search_term_string\"}],\"inLanguage\":\"fr-FR\"}]}<\/script>\n<!-- \/ Yoast SEO plugin. -->","yoast_head_json":{"title":"Notre mission - Research Network for the Study of Esoteric Practices","robots":{"index":"index","follow":"follow","max-snippet":"max-snippet:-1","max-image-preview":"max-image-preview:large","max-video-preview":"max-video-preview:-1"},"canonical":"https:\/\/www.rensep.org\/fr\/a-propos-de\/notre-mission\/","og_locale":"fr_FR","og_type":"article","og_title":"Notre mission - Research Network for the Study of Esoteric Practices","og_description":"[vc_row][vc_column][vc_column_text]RENSEP (Research Network for the Study of Esoteric Practices) est une association sans personnalit\u00e9 juridique dont la mission est de promouvoir et de faire progresser&hellip;","og_url":"https:\/\/www.rensep.org\/fr\/a-propos-de\/notre-mission\/","og_site_name":"Research Network for the Study of Esoteric Practices","article_modified_time":"2023-06-21T12:41:58+00:00","twitter_card":"summary_large_image","twitter_misc":{"Dur\u00e9e de lecture estim\u00e9e":"3 minutes"},"schema":{"@context":"https:\/\/schema.org","@graph":[{"@type":"WebPage","@id":"https:\/\/www.rensep.org\/fr\/a-propos-de\/notre-mission\/","url":"https:\/\/www.rensep.org\/fr\/a-propos-de\/notre-mission\/","name":"Notre mission - Research Network for the Study of Esoteric Practices","isPartOf":{"@id":"https:\/\/www.rensep.org\/fr\/#website"},"datePublished":"2022-09-21T12:25:50+00:00","dateModified":"2023-06-21T12:41:58+00:00","breadcrumb":{"@id":"https:\/\/www.rensep.org\/fr\/a-propos-de\/notre-mission\/#breadcrumb"},"inLanguage":"fr-FR","potentialAction":[{"@type":"ReadAction","target":["https:\/\/www.rensep.org\/fr\/a-propos-de\/notre-mission\/"]}]},{"@type":"BreadcrumbList","@id":"https:\/\/www.rensep.org\/fr\/a-propos-de\/notre-mission\/#breadcrumb","itemListElement":[{"@type":"ListItem","position":1,"name":"Home","item":"https:\/\/www.rensep.org\/fr\/"},{"@type":"ListItem","position":2,"name":"\u00c0 propos de","item":"https:\/\/www.rensep.org\/fr\/a-propos-de\/"},{"@type":"ListItem","position":3,"name":"Notre mission"}]},{"@type":"WebSite","@id":"https:\/\/www.rensep.org\/fr\/#website","url":"https:\/\/www.rensep.org\/fr\/","name":"Research Network for the Study of Esoteric Practices","description":"","potentialAction":[{"@type":"SearchAction","target":{"@type":"EntryPoint","urlTemplate":"https:\/\/www.rensep.org\/fr\/?s={search_term_string}"},"query-input":"required name=search_term_string"}],"inLanguage":"fr-FR"}]}},"_links":{"self":[{"href":"https:\/\/www.rensep.org\/fr\/wp-json\/wp\/v2\/pages\/3566"}],"collection":[{"href":"https:\/\/www.rensep.org\/fr\/wp-json\/wp\/v2\/pages"}],"about":[{"href":"https:\/\/www.rensep.org\/fr\/wp-json\/wp\/v2\/types\/page"}],"author":[{"embeddable":true,"href":"https:\/\/www.rensep.org\/fr\/wp-json\/wp\/v2\/users\/176"}],"replies":[{"embeddable":true,"href":"https:\/\/www.rensep.org\/fr\/wp-json\/wp\/v2\/comments?post=3566"}],"version-history":[{"count":8,"href":"https:\/\/www.rensep.org\/fr\/wp-json\/wp\/v2\/pages\/3566\/revisions"}],"predecessor-version":[{"id":4674,"href":"https:\/\/www.rensep.org\/fr\/wp-json\/wp\/v2\/pages\/3566\/revisions\/4674"}],"up":[{"embeddable":true,"href":"https:\/\/www.rensep.org\/fr\/wp-json\/wp\/v2\/pages\/3557"}],"wp:attachment":[{"href":"https:\/\/www.rensep.org\/fr\/wp-json\/wp\/v2\/media?parent=3566"}],"curies":[{"name":"wp","href":"https:\/\/api.w.org\/{rel}","templated":true}]}}