{"id":3563,"date":"2022-04-13T07:05:22","date_gmt":"2022-04-13T06:05:22","guid":{"rendered":"https:\/\/www.rensep.org\/a-propos-de\/reseau-de-recherche\/"},"modified":"2023-05-04T11:11:53","modified_gmt":"2023-05-04T10:11:53","slug":"reseau-de-recherche","status":"publish","type":"page","link":"https:\/\/www.rensep.org\/fr\/a-propos-de\/reseau-de-recherche\/","title":{"rendered":"\u00c0 propos du RENSEP"},"content":{"rendered":"<p>[vc_row][vc_column][vc_column_text]Le <a href=\"https:\/\/www.rensep.org\/fr\/\">Research Network for the Study of Esoteric Practices (RENSEP)<\/a> vise \u00e0 \u00e9tendre un r\u00e9seau de chercheurs et praticiens qui cultivent l\u2019id\u00e9e d\u2019interdisciplinarit\u00e9 dans l&#8217;\u00e9tude scientifique de la pratique \u00e9sot\u00e9rique.<\/p>\n<p>La plateforme RENSEP permet \u00e0 chacun de :<\/p>\n<ul>\n<li><a href=\"https:\/\/www.rensep.org\/fr\/forums\/\">interagir avec d&#8217;autres membres pour faciliter une collaboration<\/a>;<\/li>\n<li>proposer des initiatives orient\u00e9es vers des sujets de recherche partag\u00e9s et des d\u00e9bats m\u00e9thodologiques;<\/li>\n<li><a href=\"https:\/\/www.rensep.org\/fr\/espace-dapprentissage\/\">rejoindre ou initier des groupes de recherche th\u00e9matiques<\/a>.<\/li>\n<\/ul>\n<p>Il offre un cadre virtuel et centralis\u00e9, offrant aux chercheurs des outils collaboratifs et organisationnels.<br \/>\nLa plateforme web est un moyen de favoriser l&#8217;interdisciplinarit\u00e9 en cr\u00e9ant un espace cognitif et interactionnel partag\u00e9 par des chercheurs d&#8217;horizons et de disciplines diff\u00e9rents.<\/p>\n<p>Nous invitons \u00e9galement les universitaires et les chercheurs ind\u00e9pendants travaillant sur des sujets li\u00e9s aux pratiques \u00e9sot\u00e9riques \u00e0 rejoindre la plateforme RENSEP et \u00e0 lancer des activit\u00e9s d&#8217;investigation de pointe en s&#8217;engageant avec le plus grand r\u00e9seau mondial de praticiens.[\/vc_column_text][vc_btn title=&#8221;Rejoignez-nous&#8221; style=&#8221;flat&#8221; color=&#8221;warning&#8221; link=&#8221;url:https%3A%2F%2Fdev.rensep.org%2Fregister%2F|title:Rejoignez-nous|&#8221;][\/vc_column][\/vc_row]<\/p>\n","protected":false},"excerpt":{"rendered":"<p>[vc_row][vc_column][vc_column_text]Le Research Network for the Study of Esoteric Practices (RENSEP) vise \u00e0 \u00e9tendre un r\u00e9seau de chercheurs et praticiens qui cultivent l\u2019id\u00e9e d\u2019interdisciplinarit\u00e9 dans l&#8217;\u00e9tude&hellip;<\/p>\n","protected":false},"author":6,"featured_media":0,"parent":3557,"menu_order":0,"comment_status":"closed","ping_status":"closed","template":"","meta":{"pmpro_default_level":0,"footnotes":"","hide_for_non_member":false},"yoast_head":"<!-- This site is optimized with the Yoast SEO plugin v22.1 - https:\/\/yoast.com\/wordpress\/plugins\/seo\/ -->\n<title>\u00c0 propos du RENSEP - Research Network for the Study of Esoteric Practices<\/title>\n<meta name=\"description\" content=\"La plateforme RENSEP permet \u00e0 chacun d&#039;interagir avec d&#039;autres membres pour faciliter une collaboration; proposer des initiatives orient\u00e9es vers des sujets de recherche partag\u00e9s et des d\u00e9bats m\u00e9thodologiques;rejoindre ou initier des groupes de recherche th\u00e9matiques.\" \/>\n<meta name=\"robots\" content=\"index, follow, max-snippet:-1, max-image-preview:large, max-video-preview:-1\" \/>\n<link rel=\"canonical\" href=\"https:\/\/www.rensep.org\/fr\/a-propos-de\/reseau-de-recherche\/\" \/>\n<meta property=\"og:locale\" content=\"fr_FR\" \/>\n<meta property=\"og:type\" content=\"article\" \/>\n<meta property=\"og:title\" content=\"\u00c0 propos du RENSEP - Research Network for the Study of Esoteric Practices\" \/>\n<meta property=\"og:description\" content=\"La plateforme RENSEP permet \u00e0 chacun d&#039;interagir avec d&#039;autres membres pour faciliter une collaboration; proposer des initiatives orient\u00e9es vers des sujets de recherche partag\u00e9s et des d\u00e9bats m\u00e9thodologiques;rejoindre ou initier des groupes de recherche th\u00e9matiques.\" \/>\n<meta property=\"og:url\" content=\"https:\/\/www.rensep.org\/fr\/a-propos-de\/reseau-de-recherche\/\" \/>\n<meta property=\"og:site_name\" content=\"Research Network for the Study of Esoteric Practices\" \/>\n<meta property=\"article:modified_time\" content=\"2023-05-04T10:11:53+00:00\" \/>\n<meta name=\"twitter:card\" content=\"summary_large_image\" \/>\n<meta name=\"twitter:label1\" content=\"Dur\u00e9e de lecture estim\u00e9e\" \/>\n\t<meta name=\"twitter:data1\" content=\"1 minute\" \/>\n<script type=\"application\/ld+json\" class=\"yoast-schema-graph\">{\"@context\":\"https:\/\/schema.org\",\"@graph\":[{\"@type\":\"WebPage\",\"@id\":\"https:\/\/www.rensep.org\/fr\/a-propos-de\/reseau-de-recherche\/\",\"url\":\"https:\/\/www.rensep.org\/fr\/a-propos-de\/reseau-de-recherche\/\",\"name\":\"\u00c0 propos du RENSEP - Research Network for the Study of Esoteric Practices\",\"isPartOf\":{\"@id\":\"https:\/\/www.rensep.org\/fr\/#website\"},\"datePublished\":\"2022-04-13T06:05:22+00:00\",\"dateModified\":\"2023-05-04T10:11:53+00:00\",\"description\":\"La plateforme RENSEP permet \u00e0 chacun d'interagir avec d'autres membres pour faciliter une collaboration; proposer des initiatives orient\u00e9es vers des sujets de recherche partag\u00e9s et des d\u00e9bats m\u00e9thodologiques;rejoindre ou initier des groupes de recherche th\u00e9matiques.\",\"breadcrumb\":{\"@id\":\"https:\/\/www.rensep.org\/fr\/a-propos-de\/reseau-de-recherche\/#breadcrumb\"},\"inLanguage\":\"fr-FR\",\"potentialAction\":[{\"@type\":\"ReadAction\",\"target\":[\"https:\/\/www.rensep.org\/fr\/a-propos-de\/reseau-de-recherche\/\"]}]},{\"@type\":\"BreadcrumbList\",\"@id\":\"https:\/\/www.rensep.org\/fr\/a-propos-de\/reseau-de-recherche\/#breadcrumb\",\"itemListElement\":[{\"@type\":\"ListItem\",\"position\":1,\"name\":\"Home\",\"item\":\"https:\/\/www.rensep.org\/fr\/\"},{\"@type\":\"ListItem\",\"position\":2,\"name\":\"\u00c0 propos de\",\"item\":\"https:\/\/www.rensep.org\/fr\/a-propos-de\/\"},{\"@type\":\"ListItem\",\"position\":3,\"name\":\"\u00c0 propos du RENSEP\"}]},{\"@type\":\"WebSite\",\"@id\":\"https:\/\/www.rensep.org\/fr\/#website\",\"url\":\"https:\/\/www.rensep.org\/fr\/\",\"name\":\"Research Network for the Study of Esoteric Practices\",\"description\":\"\",\"potentialAction\":[{\"@type\":\"SearchAction\",\"target\":{\"@type\":\"EntryPoint\",\"urlTemplate\":\"https:\/\/www.rensep.org\/fr\/?s={search_term_string}\"},\"query-input\":\"required name=search_term_string\"}],\"inLanguage\":\"fr-FR\"}]}<\/script>\n<!-- \/ Yoast SEO plugin. -->","yoast_head_json":{"title":"\u00c0 propos du RENSEP - Research Network for the Study of Esoteric Practices","description":"La plateforme RENSEP permet \u00e0 chacun d'interagir avec d'autres membres pour faciliter une collaboration; proposer des initiatives orient\u00e9es vers des sujets de recherche partag\u00e9s et des d\u00e9bats m\u00e9thodologiques;rejoindre ou initier des groupes de recherche th\u00e9matiques.","robots":{"index":"index","follow":"follow","max-snippet":"max-snippet:-1","max-image-preview":"max-image-preview:large","max-video-preview":"max-video-preview:-1"},"canonical":"https:\/\/www.rensep.org\/fr\/a-propos-de\/reseau-de-recherche\/","og_locale":"fr_FR","og_type":"article","og_title":"\u00c0 propos du RENSEP - Research Network for the Study of Esoteric Practices","og_description":"La plateforme RENSEP permet \u00e0 chacun d'interagir avec d'autres membres pour faciliter une collaboration; proposer des initiatives orient\u00e9es vers des sujets de recherche partag\u00e9s et des d\u00e9bats m\u00e9thodologiques;rejoindre ou initier des groupes de recherche th\u00e9matiques.","og_url":"https:\/\/www.rensep.org\/fr\/a-propos-de\/reseau-de-recherche\/","og_site_name":"Research Network for the Study of Esoteric Practices","article_modified_time":"2023-05-04T10:11:53+00:00","twitter_card":"summary_large_image","twitter_misc":{"Dur\u00e9e de lecture estim\u00e9e":"1 minute"},"schema":{"@context":"https:\/\/schema.org","@graph":[{"@type":"WebPage","@id":"https:\/\/www.rensep.org\/fr\/a-propos-de\/reseau-de-recherche\/","url":"https:\/\/www.rensep.org\/fr\/a-propos-de\/reseau-de-recherche\/","name":"\u00c0 propos du RENSEP - Research Network for the Study of Esoteric Practices","isPartOf":{"@id":"https:\/\/www.rensep.org\/fr\/#website"},"datePublished":"2022-04-13T06:05:22+00:00","dateModified":"2023-05-04T10:11:53+00:00","description":"La plateforme RENSEP permet \u00e0 chacun d'interagir avec d'autres membres pour faciliter une collaboration; proposer des initiatives orient\u00e9es vers des sujets de recherche partag\u00e9s et des d\u00e9bats m\u00e9thodologiques;rejoindre ou initier des groupes de recherche th\u00e9matiques.","breadcrumb":{"@id":"https:\/\/www.rensep.org\/fr\/a-propos-de\/reseau-de-recherche\/#breadcrumb"},"inLanguage":"fr-FR","potentialAction":[{"@type":"ReadAction","target":["https:\/\/www.rensep.org\/fr\/a-propos-de\/reseau-de-recherche\/"]}]},{"@type":"BreadcrumbList","@id":"https:\/\/www.rensep.org\/fr\/a-propos-de\/reseau-de-recherche\/#breadcrumb","itemListElement":[{"@type":"ListItem","position":1,"name":"Home","item":"https:\/\/www.rensep.org\/fr\/"},{"@type":"ListItem","position":2,"name":"\u00c0 propos de","item":"https:\/\/www.rensep.org\/fr\/a-propos-de\/"},{"@type":"ListItem","position":3,"name":"\u00c0 propos du RENSEP"}]},{"@type":"WebSite","@id":"https:\/\/www.rensep.org\/fr\/#website","url":"https:\/\/www.rensep.org\/fr\/","name":"Research Network for the Study of Esoteric Practices","description":"","potentialAction":[{"@type":"SearchAction","target":{"@type":"EntryPoint","urlTemplate":"https:\/\/www.rensep.org\/fr\/?s={search_term_string}"},"query-input":"required name=search_term_string"}],"inLanguage":"fr-FR"}]}},"_links":{"self":[{"href":"https:\/\/www.rensep.org\/fr\/wp-json\/wp\/v2\/pages\/3563"}],"collection":[{"href":"https:\/\/www.rensep.org\/fr\/wp-json\/wp\/v2\/pages"}],"about":[{"href":"https:\/\/www.rensep.org\/fr\/wp-json\/wp\/v2\/types\/page"}],"author":[{"embeddable":true,"href":"https:\/\/www.rensep.org\/fr\/wp-json\/wp\/v2\/users\/6"}],"replies":[{"embeddable":true,"href":"https:\/\/www.rensep.org\/fr\/wp-json\/wp\/v2\/comments?post=3563"}],"version-history":[{"count":18,"href":"https:\/\/www.rensep.org\/fr\/wp-json\/wp\/v2\/pages\/3563\/revisions"}],"predecessor-version":[{"id":4284,"href":"https:\/\/www.rensep.org\/fr\/wp-json\/wp\/v2\/pages\/3563\/revisions\/4284"}],"up":[{"embeddable":true,"href":"https:\/\/www.rensep.org\/fr\/wp-json\/wp\/v2\/pages\/3557"}],"wp:attachment":[{"href":"https:\/\/www.rensep.org\/fr\/wp-json\/wp\/v2\/media?parent=3563"}],"curies":[{"name":"wp","href":"https:\/\/api.w.org\/{rel}","templated":true}]}}