{"id":3557,"date":"2020-10-30T09:21:20","date_gmt":"2020-10-30T08:21:20","guid":{"rendered":"https:\/\/www.rensep.org\/a-propos-de\/"},"modified":"2023-06-21T13:50:42","modified_gmt":"2023-06-21T12:50:42","slug":"a-propos-de","status":"publish","type":"page","link":"https:\/\/www.rensep.org\/fr\/a-propos-de\/","title":{"rendered":"\u00c0 propos de"},"content":{"rendered":"<p>[vc_row][vc_column][vc_column_text]Le RENSEP (R\u00e9seau de recherche pour l\u2019\u00e9tude des pratiques \u00e9sot\u00e9riques en fran\u00e7ais) est une association sans personnalit\u00e9 juridique \u00e0 but non lucratif dont la mission est de promouvoir et de faire progresser l\u2019\u00e9tude interdisciplinaire et comparative des pratiques \u00e9sot\u00e9riques dans une perspective mondiale. L\u2019ambition du RENSEP est d\u2019organiser et de structurer un environnement intellectuel et m\u00e9thodologique stimulant permettant aux chercheurs de diff\u00e9rents horizons et disciplines de se rencontrer et d\u2019\u00e9changer leurs analyses et interpr\u00e9tations des pratiques \u00e9sot\u00e9riques \u00e0 partir d\u2019une perspective r\u00e9fl\u00e9chie, fond\u00e9e sur des donn\u00e9es, non id\u00e9ologique et apolitique. L\u2019approche unique du RENSEP consiste \u00e0 offrir un espace cognitif et interactif partag\u00e9 \u2013 le site Web du RENSEP \u2013 qui d\u00e9passe les limites des disciplines acad\u00e9miques traditionnelles en soutenant la participation et la rencontre des chercheurs et des praticiens des pratiques \u00e9sot\u00e9riques.<\/p>\n<p>Le RENSEP est conscient que nous vivons dans un moment historique de tensions politiques et \u00e9pist\u00e9mologiques, et que les pratiques \u00e9sot\u00e9riques peuvent \u00eatre instrumentalis\u00e9es et politis\u00e9es de diverses fa\u00e7ons. Il faut prendre pour acquis que la recherche sur les pratiques des mouvements \u00e9sot\u00e9riques, qu\u2019elles soient de droite ou de gauche, ne l\u00e9gitiment pas ces mouvements. Les chercheurs qui \u00e9tudient ces mouvements ne devraient pas non plus \u00eatre soup\u00e7onn\u00e9s \u2013 par rh\u00e9torique de \u00ab culpabilit\u00e9 par association \u00bb ou de \u00ab culpabilit\u00e9 par contact \u00bb \u2013 de partager automatiquement leurs id\u00e9ologies. Le RENSEP est un r\u00e9seau de recherche politiquement neutre, c\u2019est pourquoi il prendra toutes les mesures n\u00e9cessaires pour s\u2019assurer que sa plateforme en ligne ne soit pas utilis\u00e9e ou d\u00e9tourn\u00e9e \u00e0 des fins politiques.<\/p>\n<p>Le RENSEP dispose d\u2019un budget annuel limit\u00e9 pour promouvoir l\u2019\u00e9tude des pratiques \u00e9sot\u00e9riques au-del\u00e0 des canaux \u00e9tablis de financement universitaire. Toutes les demandes de fonds sont examin\u00e9es par le comit\u00e9 scientifique du RENSEP.<\/p>\n<p>Le RENSEP est une association sans personnalit\u00e9 juridique bas\u00e9e au Royaume-Uni. Le RENSEP est financ\u00e9 par des dons priv\u00e9s ainsi que par les cotisations de ses membres affili\u00e9s.[\/vc_column_text][\/vc_column][\/vc_row]<\/p>\n","protected":false},"excerpt":{"rendered":"<p>[vc_row][vc_column][vc_column_text]Le RENSEP (R\u00e9seau de recherche pour l\u2019\u00e9tude des pratiques \u00e9sot\u00e9riques en fran\u00e7ais) est une association sans personnalit\u00e9 juridique \u00e0 but non lucratif dont la mission&hellip;<\/p>\n","protected":false},"author":176,"featured_media":0,"parent":0,"menu_order":0,"comment_status":"closed","ping_status":"closed","template":"","meta":{"pmpro_default_level":0,"footnotes":"","hide_for_non_member":false},"yoast_head":"<!-- This site is optimized with the Yoast SEO plugin v22.1 - https:\/\/yoast.com\/wordpress\/plugins\/seo\/ -->\n<title>\u00c0 propos de - Research Network for the Study of Esoteric Practices<\/title>\n<meta name=\"robots\" content=\"index, follow, max-snippet:-1, max-image-preview:large, max-video-preview:-1\" \/>\n<link rel=\"canonical\" href=\"https:\/\/www.rensep.org\/fr\/a-propos-de\/\" \/>\n<meta property=\"og:locale\" content=\"fr_FR\" \/>\n<meta property=\"og:type\" content=\"article\" \/>\n<meta property=\"og:title\" content=\"\u00c0 propos de - Research Network for the Study of Esoteric Practices\" \/>\n<meta property=\"og:description\" content=\"[vc_row][vc_column][vc_column_text]Le RENSEP (R\u00e9seau de recherche pour l\u2019\u00e9tude des pratiques \u00e9sot\u00e9riques en fran\u00e7ais) est une association sans personnalit\u00e9 juridique \u00e0 but non lucratif dont la mission&hellip;\" \/>\n<meta property=\"og:url\" content=\"https:\/\/www.rensep.org\/fr\/a-propos-de\/\" \/>\n<meta property=\"og:site_name\" content=\"Research Network for the Study of Esoteric Practices\" \/>\n<meta property=\"article:modified_time\" content=\"2023-06-21T12:50:42+00:00\" \/>\n<meta name=\"twitter:card\" content=\"summary_large_image\" \/>\n<meta name=\"twitter:label1\" content=\"Dur\u00e9e de lecture estim\u00e9e\" \/>\n\t<meta name=\"twitter:data1\" content=\"2 minutes\" \/>\n<script type=\"application\/ld+json\" class=\"yoast-schema-graph\">{\"@context\":\"https:\/\/schema.org\",\"@graph\":[{\"@type\":\"WebPage\",\"@id\":\"https:\/\/www.rensep.org\/fr\/a-propos-de\/\",\"url\":\"https:\/\/www.rensep.org\/fr\/a-propos-de\/\",\"name\":\"\u00c0 propos de - Research Network for the Study of Esoteric Practices\",\"isPartOf\":{\"@id\":\"https:\/\/www.rensep.org\/fr\/#website\"},\"datePublished\":\"2020-10-30T08:21:20+00:00\",\"dateModified\":\"2023-06-21T12:50:42+00:00\",\"breadcrumb\":{\"@id\":\"https:\/\/www.rensep.org\/fr\/a-propos-de\/#breadcrumb\"},\"inLanguage\":\"fr-FR\",\"potentialAction\":[{\"@type\":\"ReadAction\",\"target\":[\"https:\/\/www.rensep.org\/fr\/a-propos-de\/\"]}]},{\"@type\":\"BreadcrumbList\",\"@id\":\"https:\/\/www.rensep.org\/fr\/a-propos-de\/#breadcrumb\",\"itemListElement\":[{\"@type\":\"ListItem\",\"position\":1,\"name\":\"Home\",\"item\":\"https:\/\/www.rensep.org\/fr\/\"},{\"@type\":\"ListItem\",\"position\":2,\"name\":\"\u00c0 propos de\"}]},{\"@type\":\"WebSite\",\"@id\":\"https:\/\/www.rensep.org\/fr\/#website\",\"url\":\"https:\/\/www.rensep.org\/fr\/\",\"name\":\"Research Network for the Study of Esoteric Practices\",\"description\":\"\",\"potentialAction\":[{\"@type\":\"SearchAction\",\"target\":{\"@type\":\"EntryPoint\",\"urlTemplate\":\"https:\/\/www.rensep.org\/fr\/?s={search_term_string}\"},\"query-input\":\"required name=search_term_string\"}],\"inLanguage\":\"fr-FR\"}]}<\/script>\n<!-- \/ Yoast SEO plugin. -->","yoast_head_json":{"title":"\u00c0 propos de - Research Network for the Study of Esoteric Practices","robots":{"index":"index","follow":"follow","max-snippet":"max-snippet:-1","max-image-preview":"max-image-preview:large","max-video-preview":"max-video-preview:-1"},"canonical":"https:\/\/www.rensep.org\/fr\/a-propos-de\/","og_locale":"fr_FR","og_type":"article","og_title":"\u00c0 propos de - Research Network for the Study of Esoteric Practices","og_description":"[vc_row][vc_column][vc_column_text]Le RENSEP (R\u00e9seau de recherche pour l\u2019\u00e9tude des pratiques \u00e9sot\u00e9riques en fran\u00e7ais) est une association sans personnalit\u00e9 juridique \u00e0 but non lucratif dont la mission&hellip;","og_url":"https:\/\/www.rensep.org\/fr\/a-propos-de\/","og_site_name":"Research Network for the Study of Esoteric Practices","article_modified_time":"2023-06-21T12:50:42+00:00","twitter_card":"summary_large_image","twitter_misc":{"Dur\u00e9e de lecture estim\u00e9e":"2 minutes"},"schema":{"@context":"https:\/\/schema.org","@graph":[{"@type":"WebPage","@id":"https:\/\/www.rensep.org\/fr\/a-propos-de\/","url":"https:\/\/www.rensep.org\/fr\/a-propos-de\/","name":"\u00c0 propos de - Research Network for the Study of Esoteric Practices","isPartOf":{"@id":"https:\/\/www.rensep.org\/fr\/#website"},"datePublished":"2020-10-30T08:21:20+00:00","dateModified":"2023-06-21T12:50:42+00:00","breadcrumb":{"@id":"https:\/\/www.rensep.org\/fr\/a-propos-de\/#breadcrumb"},"inLanguage":"fr-FR","potentialAction":[{"@type":"ReadAction","target":["https:\/\/www.rensep.org\/fr\/a-propos-de\/"]}]},{"@type":"BreadcrumbList","@id":"https:\/\/www.rensep.org\/fr\/a-propos-de\/#breadcrumb","itemListElement":[{"@type":"ListItem","position":1,"name":"Home","item":"https:\/\/www.rensep.org\/fr\/"},{"@type":"ListItem","position":2,"name":"\u00c0 propos de"}]},{"@type":"WebSite","@id":"https:\/\/www.rensep.org\/fr\/#website","url":"https:\/\/www.rensep.org\/fr\/","name":"Research Network for the Study of Esoteric Practices","description":"","potentialAction":[{"@type":"SearchAction","target":{"@type":"EntryPoint","urlTemplate":"https:\/\/www.rensep.org\/fr\/?s={search_term_string}"},"query-input":"required name=search_term_string"}],"inLanguage":"fr-FR"}]}},"_links":{"self":[{"href":"https:\/\/www.rensep.org\/fr\/wp-json\/wp\/v2\/pages\/3557"}],"collection":[{"href":"https:\/\/www.rensep.org\/fr\/wp-json\/wp\/v2\/pages"}],"about":[{"href":"https:\/\/www.rensep.org\/fr\/wp-json\/wp\/v2\/types\/page"}],"author":[{"embeddable":true,"href":"https:\/\/www.rensep.org\/fr\/wp-json\/wp\/v2\/users\/176"}],"replies":[{"embeddable":true,"href":"https:\/\/www.rensep.org\/fr\/wp-json\/wp\/v2\/comments?post=3557"}],"version-history":[{"count":8,"href":"https:\/\/www.rensep.org\/fr\/wp-json\/wp\/v2\/pages\/3557\/revisions"}],"predecessor-version":[{"id":4680,"href":"https:\/\/www.rensep.org\/fr\/wp-json\/wp\/v2\/pages\/3557\/revisions\/4680"}],"wp:attachment":[{"href":"https:\/\/www.rensep.org\/fr\/wp-json\/wp\/v2\/media?parent=3557"}],"curies":[{"name":"wp","href":"https:\/\/api.w.org\/{rel}","templated":true}]}}